{"id":4614,"date":"2019-08-28T17:54:35","date_gmt":"2019-08-28T17:54:35","guid":{"rendered":"https:\/\/demo.goodlayers.com\/hotelmaster\/main4\/?page_id=4614"},"modified":"2023-05-17T18:37:50","modified_gmt":"2023-05-17T18:37:50","slug":"suites","status":"publish","type":"page","link":"https:\/\/motellibidus.com.br\/camboriu\/suites\/","title":{"rendered":"Su\u00edtes"},"content":{"rendered":"\t\t<div data-elementor-type=\"wp-page\" data-elementor-id=\"4614\" class=\"elementor elementor-4614\" data-elementor-post-type=\"page\">\n\t\t\t\t\t\t<section class=\"elementor-section elementor-top-section elementor-element elementor-element-f593933 elementor-section-full_width elementor-section-height-default elementor-section-height-default\" data-id=\"f593933\" data-element_type=\"section\" data-settings=\"{&quot;background_background&quot;:&quot;classic&quot;}\">\n\t\t\t\t\t\t<div class=\"elementor-container elementor-column-gap-no\">\n\t\t\t\t\t<div class=\"elementor-column elementor-col-100 elementor-top-column elementor-element elementor-element-a720c95\" data-id=\"a720c95\" data-element_type=\"column\">\n\t\t\t<div class=\"elementor-widget-wrap elementor-element-populated\">\n\t\t\t\t\t\t<div class=\"elementor-element elementor-element-80b0e45 elementor-widget elementor-widget-spacer\" data-id=\"80b0e45\" data-element_type=\"widget\" data-widget_type=\"spacer.default\">\n\t\t\t\t<div class=\"elementor-widget-container\">\n\t\t\t\t\t\t\t<div class=\"elementor-spacer\">\n\t\t\t<div class=\"elementor-spacer-inner\"><\/div>\n\t\t<\/div>\n\t\t\t\t\t\t<\/div>\n\t\t\t\t<\/div>\n\t\t\t\t<div class=\"elementor-element elementor-element-8154a74 elementor-widget elementor-widget-ova_room_slider\" data-id=\"8154a74\" data-element_type=\"widget\" data-widget_type=\"ova_room_slider.default\">\n\t\t\t\t<div class=\"elementor-widget-container\">\n\t\t\t\t\t\t\t\n        <div class=\"woocommerce hozing_wrap_product\">\n        \t<div class=\"container\">\n\n\t\t\t\t\n\t          \t<div class=\"hozing_product_slider style3\">\n\t          \t\t\t          \t\t\n\t        \t\t<div class=\"owl-carousel owl-theme\" data-options=\"{&quot;total_columns_slide&quot;:1,&quot;items_ipad&quot;:1,&quot;items_mobile&quot;:1,&quot;smartSpeed&quot;:500,&quot;margin&quot;:23,&quot;loop&quot;:false,&quot;autoplay&quot;:true,&quot;autoplayTimeout&quot;:5000,&quot;autoplayHoverPause&quot;:true,&quot;dots&quot;:true,&quot;nav&quot;:false,&quot;slideBy&quot;:0,&quot;prev&quot;:&quot;&lt;i class=\\&quot;arrow_carrot-left\\&quot;&gt;&lt;\\\/i&gt;&quot;,&quot;next&quot;:&quot;&lt;i class=\\&quot;arrow_carrot-right\\&quot;&gt;&lt;\\\/i&gt;&quot;}\">\n\t\t\t\t\t\t\t\t            \t\t                            <div class=\"rental_item item product_room_list\">\n\t                        \t\t\t\t\t\t\t    \n\t\t\t\t\t\t\t    <div class=\"border-box d-lg-inline-flex d-xl-inline-flex flex-row\" >\t\t\t\t\t\t\t        <div class=\"wrap_img col-lg-6 col-md-12\">\n\t\t\t\t\t\t\t            <div class=\"images_thumb\">\n\n\t\t\t\t\t\t\t            \t\t\t\t\t\t\t\t               \t\t<img decoding=\"async\" src=\"https:\/\/motellibidus.com.br\/camboriu\/wp-content\/uploads\/2023\/05\/desejo-3-1024x684-1.jpg\" alt=\"Su\u00edte Desejo\" srcset=\"https:\/\/motellibidus.com.br\/camboriu\/wp-content\/uploads\/2023\/05\/desejo-3-1024x684-1-600x401.jpg 600w\" sizes=\"(max-width: 600px) 100vw, 600px\" >\n\t\t\t\t\t           \t\t \t\t\n\t\t\t\t\t\t\t                \n\t\t\t\t\t\t\t\t\t\t\t\n\t\t\t\t\t\t\t            <\/div>\n\t\t\t\t\t\t\t            \t\t\t\t\t\t\t            \t\t\t\t\t\t\t            \t\t\t\t\t\t\t            \t\t\t\t\t\t\t            \n\t\t\t\t\t\t\t        <\/div> <!-- End wrap_img -->\n\n\t\t\t\t\t\t\t        <div class=\"content col-lg-6 col-md-12\">\n\t\t\t\t\t\t\t\t\t\t\t\t\t\t\t\t\t            <h3 class=\"second_font\"><a href=\"https:\/\/motellibidus.com.br\/camboriu\/product\/suite-desejo-2\/\">Su\u00edte Desejo<\/a><\/h3>\n\t\t\t\t\t\t\t            \t\t\t\t\t\t\t            \t\t\t\t\t\t\t            \t\t\t\t\t\t\t            \t\t\t\t\t\t\t            <ul class=\"specical-infor\">\n\t\t\t\t\t\t\t                \t\t\t\t\t\t\t                \t\t\t\t\t\t\t                \t\t\t\t\t\t\t                \t\t\t\t\t\t\t            <\/ul>\n\t\t\t\t\t\t\t        \t\t\t\t\t\t\t\t\t\t\t\t\t\t\t\t\t\t            \t<p>Su\u00edte Desejo conta com decora\u00e7\u00e3o tem\u00e1tica, hidromassagem em formato de cora\u00e7\u00e3o, cama redonda ou quadrada e muito mais...<\/p>\n\t\t\t\t\t\t\t        \t\t\t\t\t\t\t\t            \t\t\t\t\t\t\t\t\t\t\t\t\t\t\t\t\t            \t\t\t\t\t\t\t            \t\t\t\t\t\t\t\t\t\t\t\t\t\t\t\t\t\t\t            <div class=\"discorver\">\n\t\t\t\t\t\t\t\t                <a href=\"https:\/\/motellibidus.com.br\/camboriu\/product\/suite-desejo-2\/ \" class=\"discover-now\">\n\t\t\t\t\t\t\t\t                    <span class=\"text\">Book Now<\/span>\n\t\t\t\t\t\t\t\t                <\/a>\n\t\t\t\t\t\t\t\t            <\/div>\n\t\t\t\t\t\t\t\t            \t\t\t\t\t\t\t              \n\n\t\t\t\t\t\t\t        <\/div> <!-- End content -->\n\t\t\t\t\t\t\t    <\/div> <!-- border-box -->\t\t\t\t\t\t\t    \n\t\t\t\t\t\t\t\n\t\t\t\t\t\t\t\t\t\t\t\t\t\t\t            \t\t\t\t\t\t\t\t    \n\t\t\t\t\t\t\t    <div class=\"border-box d-lg-inline-flex d-xl-inline-flex flex-row-reverse\" >\t\t\t\t\t\t\t        <div class=\"wrap_img col-lg-6 col-md-12\">\n\t\t\t\t\t\t\t            <div class=\"images_thumb\">\n\n\t\t\t\t\t\t\t            \t\t\t\t\t\t\t\t               \t\t<img decoding=\"async\" src=\"https:\/\/motellibidus.com.br\/camboriu\/wp-content\/uploads\/2023\/05\/super-luxo2-4-1024x684-1.jpg\" alt=\"Su\u00edte Super Luxo\" srcset=\"https:\/\/motellibidus.com.br\/camboriu\/wp-content\/uploads\/2023\/05\/super-luxo2-4-1024x684-1-600x401.jpg 600w\" sizes=\"(max-width: 600px) 100vw, 600px\" >\n\t\t\t\t\t           \t\t \t\t\n\t\t\t\t\t\t\t                \n\t\t\t\t\t\t\t\t\t\t\t\n\t\t\t\t\t\t\t            <\/div>\n\t\t\t\t\t\t\t            \t\t\t\t\t\t\t            \t\t\t\t\t\t\t            \t\t\t\t\t\t\t            \t\t\t\t\t\t\t            \n\t\t\t\t\t\t\t        <\/div> <!-- End wrap_img -->\n\n\t\t\t\t\t\t\t        <div class=\"content col-lg-6 col-md-12\">\n\t\t\t\t\t\t\t\t\t\t\t\t\t\t\t\t\t            <h3 class=\"second_font\"><a href=\"https:\/\/motellibidus.com.br\/camboriu\/product\/suite-super-luxo\/\">Su\u00edte Super Luxo<\/a><\/h3>\n\t\t\t\t\t\t\t            \t\t\t\t\t\t\t            \t\t\t\t\t\t\t            \t\t\t\t\t\t\t            \t\t\t\t\t\t\t            <ul class=\"specical-infor\">\n\t\t\t\t\t\t\t                \t\t\t\t\t\t\t                \t\t\t\t\t\t\t                \t\t\t\t\t\t\t                \t\t\t\t\t\t\t            <\/ul>\n\t\t\t\t\t\t\t        \t\t\t\t\t\t\t\t\t\t\t\t\t\t\t\t\t\t            \t<p>Su\u00edte Super Luxo conta com cama redonda ou quadrada, hidromassagem, poltrona er\u00f3tica e muito mais...<\/p>\n\t\t\t\t\t\t\t        \t\t\t\t\t\t\t\t            \t\t\t\t\t\t\t\t\t\t\t\t\t\t\t\t\t            \t\t\t\t\t\t\t            \t\t\t\t\t\t\t\t\t\t\t\t\t\t\t\t\t\t\t            <div class=\"discorver\">\n\t\t\t\t\t\t\t\t                <a href=\"https:\/\/motellibidus.com.br\/camboriu\/product\/suite-super-luxo\/ \" class=\"discover-now\">\n\t\t\t\t\t\t\t\t                    <span class=\"text\">Book Now<\/span>\n\t\t\t\t\t\t\t\t                <\/a>\n\t\t\t\t\t\t\t\t            <\/div>\n\t\t\t\t\t\t\t\t            \t\t\t\t\t\t\t              \n\n\t\t\t\t\t\t\t        <\/div> <!-- End content -->\n\t\t\t\t\t\t\t    <\/div> <!-- border-box -->\t\t\t\t\t\t\t    \n\t\t\t\t\t\t\t\n\t\t\t\t\t\t\t\t\t\t\t\t\t\t\t            \t\t\t\t\t\t\t\t    \n\t\t\t\t\t\t\t    <div class=\"border-box d-lg-inline-flex d-xl-inline-flex flex-row\" >\t\t\t\t\t\t\t        <div class=\"wrap_img col-lg-6 col-md-12\">\n\t\t\t\t\t\t\t            <div class=\"images_thumb\">\n\n\t\t\t\t\t\t\t            \t\t\t\t\t\t\t\t               \t\t<img decoding=\"async\" src=\"https:\/\/motellibidus.com.br\/camboriu\/wp-content\/uploads\/2023\/05\/triplex-3-4-1024x684.jpg\" alt=\"Triplex\" srcset=\"https:\/\/motellibidus.com.br\/camboriu\/wp-content\/uploads\/2023\/05\/triplex-3-4-600x401.jpg 600w\" sizes=\"(max-width: 600px) 100vw, 600px\" >\n\t\t\t\t\t           \t\t \t\t\n\t\t\t\t\t\t\t                \n\t\t\t\t\t\t\t\t\t\t\t\n\t\t\t\t\t\t\t            <\/div>\n\t\t\t\t\t\t\t            \t\t\t\t\t\t\t            \t\t\t\t\t\t\t            \t\t\t\t\t\t\t            \t\t\t\t\t\t\t            \n\t\t\t\t\t\t\t        <\/div> <!-- End wrap_img -->\n\n\t\t\t\t\t\t\t        <div class=\"content col-lg-6 col-md-12\">\n\t\t\t\t\t\t\t\t\t\t\t\t\t\t\t\t\t            <h3 class=\"second_font\"><a href=\"https:\/\/motellibidus.com.br\/camboriu\/product\/triplex\/\">Triplex<\/a><\/h3>\n\t\t\t\t\t\t\t            \t\t\t\t\t\t\t            \t\t\t\t\t\t\t            \t\t\t\t\t\t\t            \t\t\t\t\t\t\t            <ul class=\"specical-infor\">\n\t\t\t\t\t\t\t                \t\t\t\t\t\t\t                \t\t\t\t\t\t\t                \t\t\t\t\t\t\t                \t\t\t\t\t\t\t            <\/ul>\n\t\t\t\t\t\t\t        \t\t\t\t\t\t\t\t\t\t\t\t\t\t\t\t\t\t            \t<p>Triplex conta com tr\u00eas ambientes, cadeira do amor, espelho no teto, piscina t\u00e9rmica, pole dance, hidromassagem, sauna e muito mais...<\/p>\n\t\t\t\t\t\t\t        \t\t\t\t\t\t\t\t            \t\t\t\t\t\t\t\t\t\t\t\t\t\t\t\t\t            \t\t\t\t\t\t\t            \t\t\t\t\t\t\t\t\t\t\t\t\t\t\t\t\t\t\t            <div class=\"discorver\">\n\t\t\t\t\t\t\t\t                <a href=\"https:\/\/motellibidus.com.br\/camboriu\/product\/triplex\/ \" class=\"discover-now\">\n\t\t\t\t\t\t\t\t                    <span class=\"text\">Book Now<\/span>\n\t\t\t\t\t\t\t\t                <\/a>\n\t\t\t\t\t\t\t\t            <\/div>\n\t\t\t\t\t\t\t\t            \t\t\t\t\t\t\t              \n\n\t\t\t\t\t\t\t        <\/div> <!-- End content -->\n\t\t\t\t\t\t\t    <\/div> <!-- border-box -->\t\t\t\t\t\t\t    \n\t\t\t\t\t\t\t\n\t\t\t\t\t\t\t       \n                                 \t<\/div>\n\t                            \t\t\t\t\t\t\t\t            \t\t                            <div class=\"rental_item item product_room_list\">\n\t                        \t\t\t\t\t\t\t    \n\t\t\t\t\t\t\t    <div class=\"border-box d-lg-inline-flex d-xl-inline-flex flex-row-reverse\" >\t\t\t\t\t\t\t        <div class=\"wrap_img col-lg-6 col-md-12\">\n\t\t\t\t\t\t\t            <div class=\"images_thumb\">\n\n\t\t\t\t\t\t\t            \t\t\t\t\t\t\t\t               \t\t<img decoding=\"async\" src=\"https:\/\/motellibidus.com.br\/camboriu\/wp-content\/uploads\/2023\/05\/luxo-2-5-1024x684.jpg\" alt=\"Su\u00edte Luxo\" srcset=\"https:\/\/motellibidus.com.br\/camboriu\/wp-content\/uploads\/2023\/05\/luxo-2-5-600x401.jpg 600w\" sizes=\"(max-width: 600px) 100vw, 600px\" >\n\t\t\t\t\t           \t\t \t\t\n\t\t\t\t\t\t\t                \n\t\t\t\t\t\t\t\t\t\t\t\n\t\t\t\t\t\t\t            <\/div>\n\t\t\t\t\t\t\t            \t\t\t\t\t\t\t            \t\t\t\t\t\t\t            \t\t\t\t\t\t\t            \t\t\t\t\t\t\t            \n\t\t\t\t\t\t\t        <\/div> <!-- End wrap_img -->\n\n\t\t\t\t\t\t\t        <div class=\"content col-lg-6 col-md-12\">\n\t\t\t\t\t\t\t\t\t\t\t\t\t\t\t\t\t            <h3 class=\"second_font\"><a href=\"https:\/\/motellibidus.com.br\/camboriu\/product\/suite-luxo\/\">Su\u00edte Luxo<\/a><\/h3>\n\t\t\t\t\t\t\t            \t\t\t\t\t\t\t            \t\t\t\t\t\t\t            \t\t\t\t\t\t\t            \t\t\t\t\t\t\t            <ul class=\"specical-infor\">\n\t\t\t\t\t\t\t                \t\t\t\t\t\t\t                \t\t\t\t\t\t\t                \t\t\t\t\t\t\t                \t\t\t\t\t\t\t            <\/ul>\n\t\t\t\t\t\t\t        \t\t\t\t\t\t\t\t\t\t\t\t\t\t\t\t\t\t            \t<p>Su\u00edte Luxo conta com cama redonda, pole dance, poltrona er\u00f3tica, frigobar e muito mais...<\/p>\n\t\t\t\t\t\t\t        \t\t\t\t\t\t\t\t            \t\t\t\t\t\t\t\t\t\t\t\t\t\t\t\t\t            \t\t\t\t\t\t\t            \t\t\t\t\t\t\t\t\t\t\t\t\t\t\t\t\t\t\t            <div class=\"discorver\">\n\t\t\t\t\t\t\t\t                <a href=\"https:\/\/motellibidus.com.br\/camboriu\/product\/suite-luxo\/ \" class=\"discover-now\">\n\t\t\t\t\t\t\t\t                    <span class=\"text\">Book Now<\/span>\n\t\t\t\t\t\t\t\t                <\/a>\n\t\t\t\t\t\t\t\t            <\/div>\n\t\t\t\t\t\t\t\t            \t\t\t\t\t\t\t              \n\n\t\t\t\t\t\t\t        <\/div> <!-- End content -->\n\t\t\t\t\t\t\t    <\/div> <!-- border-box -->\t\t\t\t\t\t\t    \n\t\t\t\t\t\t\t\n\t\t\t\t\t\t\t\t\t\t\t\t\t\t\t            \t\t\t\t\t\t\t\t    \n\t\t\t\t\t\t\t    <div class=\"border-box d-lg-inline-flex d-xl-inline-flex flex-row\" >\t\t\t\t\t\t\t        <div class=\"wrap_img col-lg-6 col-md-12\">\n\t\t\t\t\t\t\t            <div class=\"images_thumb\">\n\n\t\t\t\t\t\t\t            \t\t\t\t\t\t\t\t               \t\t<img decoding=\"async\" src=\"https:\/\/motellibidus.com.br\/camboriu\/wp-content\/uploads\/2020\/12\/suite_balada-1-1024x768.jpeg\" alt=\"Su\u00edte Balada\" srcset=\"https:\/\/motellibidus.com.br\/camboriu\/wp-content\/uploads\/2020\/12\/suite_balada-1-600x450.jpeg 600w\" sizes=\"(max-width: 600px) 100vw, 600px\" >\n\t\t\t\t\t           \t\t \t\t\n\t\t\t\t\t\t\t                \n\t\t\t\t\t\t\t\t\t\t\t\n\t\t\t\t\t\t\t            <\/div>\n\t\t\t\t\t\t\t            \t\t\t\t\t\t\t            \t\t\t\t\t\t\t            \t\t\t\t\t\t\t            \t\t\t\t\t\t\t            \n\t\t\t\t\t\t\t        <\/div> <!-- End wrap_img -->\n\n\t\t\t\t\t\t\t        <div class=\"content col-lg-6 col-md-12\">\n\t\t\t\t\t\t\t\t\t\t\t\t\t\t\t\t\t            <h3 class=\"second_font\"><a href=\"https:\/\/motellibidus.com.br\/camboriu\/product\/suite-balada\/\">Su\u00edte Balada<\/a><\/h3>\n\t\t\t\t\t\t\t            \t\t\t\t\t\t\t            \t\t\t\t\t\t\t            \t\t\t\t\t\t\t            \t\t\t\t\t\t\t            <ul class=\"specical-infor\">\n\t\t\t\t\t\t\t                \t\t\t\t\t\t\t                \t\t\t\t\t\t\t                \t\t\t\t\t\t\t                \t\t\t\t\t\t\t            <\/ul>\n\t\t\t\t\t\t\t        \t\t\t\t\t\t\t\t\t\t\t\t\t\t\t\t\t\t            \t<p>Su\u00edte balada tem espa\u00e7o amplo, ideal para festas como despedida de solteiro(a), conta com hidromassagem para at\u00e9 oito pessoas, pole<\/p>\n\t\t\t\t\t\t\t        \t\t\t\t\t\t\t\t            \t\t\t\t\t\t\t\t\t\t\t\t\t\t\t\t\t            \t\t\t\t\t\t\t            \t\t\t\t\t\t\t\t\t\t\t\t\t\t\t\t\t\t\t            <div class=\"discorver\">\n\t\t\t\t\t\t\t\t                <a href=\"https:\/\/motellibidus.com.br\/camboriu\/product\/suite-balada\/ \" class=\"discover-now\">\n\t\t\t\t\t\t\t\t                    <span class=\"text\">Book Now<\/span>\n\t\t\t\t\t\t\t\t                <\/a>\n\t\t\t\t\t\t\t\t            <\/div>\n\t\t\t\t\t\t\t\t            \t\t\t\t\t\t\t              \n\n\t\t\t\t\t\t\t        <\/div> <!-- End content -->\n\t\t\t\t\t\t\t    <\/div> <!-- border-box -->\t\t\t\t\t\t\t    \n\t\t\t\t\t\t\t\n\t\t\t\t\t\t\t\t\t\t\t\t\t\t\t            \t\t\t\t\t\t\t\t    \n\t\t\t\t\t\t\t    <div class=\"border-box d-lg-inline-flex d-xl-inline-flex flex-row-reverse\" >\t\t\t\t\t\t\t        <div class=\"wrap_img col-lg-6 col-md-12\">\n\t\t\t\t\t\t\t            <div class=\"images_thumb\">\n\n\t\t\t\t\t\t\t            \t\t\t\t\t\t\t\t               \t\t<img decoding=\"async\" src=\"https:\/\/motellibidus.com.br\/camboriu\/wp-content\/uploads\/2020\/12\/arabe-9-1024x684.jpg\" alt=\"Su\u00edte \u00c1rabe\" srcset=\"https:\/\/motellibidus.com.br\/camboriu\/wp-content\/uploads\/2020\/12\/arabe-9-600x401.jpg 600w\" sizes=\"(max-width: 600px) 100vw, 600px\" >\n\t\t\t\t\t           \t\t \t\t\n\t\t\t\t\t\t\t                \n\t\t\t\t\t\t\t\t\t\t\t\n\t\t\t\t\t\t\t            <\/div>\n\t\t\t\t\t\t\t            \t\t\t\t\t\t\t            \t\t\t\t\t\t\t            \t\t\t\t\t\t\t            \t\t\t\t\t\t\t            \n\t\t\t\t\t\t\t        <\/div> <!-- End wrap_img -->\n\n\t\t\t\t\t\t\t        <div class=\"content col-lg-6 col-md-12\">\n\t\t\t\t\t\t\t\t\t\t\t\t\t\t\t\t\t            <h3 class=\"second_font\"><a href=\"https:\/\/motellibidus.com.br\/camboriu\/product\/suite-arabe\/\">Su\u00edte \u00c1rabe<\/a><\/h3>\n\t\t\t\t\t\t\t            \t\t\t\t\t\t\t            \t\t\t\t\t\t\t            \t\t\t\t\t\t\t            \t\t\t\t\t\t\t            <ul class=\"specical-infor\">\n\t\t\t\t\t\t\t                \t\t\t\t\t\t\t                \t\t\t\t\t\t\t                \t\t\t\t\t\t\t                \t\t\t\t\t\t\t            <\/ul>\n\t\t\t\t\t\t\t        \t\t\t\t\t\t\t\t\t\t\t\t\t\t\t\t\t\t            \t<p>Su\u00edte \u00c1rabe conta com hidromassagem, poltrona er\u00f3tica, frigobar e muito mais...<\/p>\n\t\t\t\t\t\t\t        \t\t\t\t\t\t\t\t            \t\t\t\t\t\t\t\t\t\t\t\t\t\t\t\t\t            \t\t\t\t\t\t\t            \t\t\t\t\t\t\t\t\t\t\t\t\t\t\t\t\t\t\t            <div class=\"discorver\">\n\t\t\t\t\t\t\t\t                <a href=\"https:\/\/motellibidus.com.br\/camboriu\/product\/suite-arabe\/ \" class=\"discover-now\">\n\t\t\t\t\t\t\t\t                    <span class=\"text\">Book Now<\/span>\n\t\t\t\t\t\t\t\t                <\/a>\n\t\t\t\t\t\t\t\t            <\/div>\n\t\t\t\t\t\t\t\t            \t\t\t\t\t\t\t              \n\n\t\t\t\t\t\t\t        <\/div> <!-- End content -->\n\t\t\t\t\t\t\t    <\/div> <!-- border-box -->\t\t\t\t\t\t\t    \n\t\t\t\t\t\t\t\n\t\t\t\t\t\t\t       \n                                 \t<\/div>\n\t                            \t\t\t\t\t\t\t\t            \t\t                            <div class=\"rental_item item product_room_list\">\n\t                        \t\t\t\t\t\t\t    \n\t\t\t\t\t\t\t    <div class=\"border-box d-lg-inline-flex d-xl-inline-flex flex-row\" >\t\t\t\t\t\t\t        <div class=\"wrap_img col-lg-6 col-md-12\">\n\t\t\t\t\t\t\t            <div class=\"images_thumb\">\n\n\t\t\t\t\t\t\t            \t\t\t\t\t\t\t\t               \t\t<img decoding=\"async\" src=\"https:\/\/motellibidus.com.br\/camboriu\/wp-content\/uploads\/2020\/12\/GOPR0939-scaled-2-1024x770.jpg\" alt=\"Su\u00edte Duplex\" srcset=\"https:\/\/motellibidus.com.br\/camboriu\/wp-content\/uploads\/2020\/12\/GOPR0939-scaled-2-600x451.jpg 600w\" sizes=\"(max-width: 600px) 100vw, 600px\" >\n\t\t\t\t\t           \t\t \t\t\n\t\t\t\t\t\t\t                \n\t\t\t\t\t\t\t\t\t\t\t\n\t\t\t\t\t\t\t            <\/div>\n\t\t\t\t\t\t\t            \t\t\t\t\t\t\t            \t\t\t\t\t\t\t            \t\t\t\t\t\t\t            \t\t\t\t\t\t\t            \n\t\t\t\t\t\t\t        <\/div> <!-- End wrap_img -->\n\n\t\t\t\t\t\t\t        <div class=\"content col-lg-6 col-md-12\">\n\t\t\t\t\t\t\t\t\t\t\t\t\t\t\t\t\t            <h3 class=\"second_font\"><a href=\"https:\/\/motellibidus.com.br\/camboriu\/product\/suite-duplex\/\">Su\u00edte Duplex<\/a><\/h3>\n\t\t\t\t\t\t\t            \t\t\t\t\t\t\t            \t\t\t\t\t\t\t            \t\t\t\t\t\t\t            \t\t\t\t\t\t\t            <ul class=\"specical-infor\">\n\t\t\t\t\t\t\t                \t\t\t\t\t\t\t                \t\t\t\t\t\t\t                \t\t\t\t\t\t\t                \t\t\t\t\t\t\t            <\/ul>\n\t\t\t\t\t\t\t        \t\t\t\t\t\t\t\t\t\t\t\t\t\t\t\t\t\t            \t<p>Su\u00edte Duplex conta com duas camas, poltrona er\u00f3tica, hidromassagem, frigobar e muito mais... &nbsp;<\/p>\n\t\t\t\t\t\t\t        \t\t\t\t\t\t\t\t            \t\t\t\t\t\t\t\t\t\t\t\t\t\t\t\t\t            \t\t\t\t\t\t\t            \t\t\t\t\t\t\t\t\t\t\t\t\t\t\t\t\t\t\t            <div class=\"discorver\">\n\t\t\t\t\t\t\t\t                <a href=\"https:\/\/motellibidus.com.br\/camboriu\/product\/suite-duplex\/ \" class=\"discover-now\">\n\t\t\t\t\t\t\t\t                    <span class=\"text\">Book Now<\/span>\n\t\t\t\t\t\t\t\t                <\/a>\n\t\t\t\t\t\t\t\t            <\/div>\n\t\t\t\t\t\t\t\t            \t\t\t\t\t\t\t              \n\n\t\t\t\t\t\t\t        <\/div> <!-- End content -->\n\t\t\t\t\t\t\t    <\/div> <!-- border-box -->\t\t\t\t\t\t\t    \n\t\t\t\t\t\t\t\n\t\t\t\t\t\t\t\t\t\t\t\t\t\t\t            \t\t\t\t\t\t\t\t    \n\t\t\t\t\t\t\t    <div class=\"border-box d-lg-inline-flex d-xl-inline-flex flex-row-reverse\" >\t\t\t\t\t\t\t        <div class=\"wrap_img col-lg-6 col-md-12\">\n\t\t\t\t\t\t\t            <div class=\"images_thumb\">\n\n\t\t\t\t\t\t\t            \t\t\t\t\t\t\t\t               \t\t<img decoding=\"async\" src=\"https:\/\/motellibidus.com.br\/camboriu\/wp-content\/uploads\/2020\/12\/GOPR0934-scaled-1-1024x774.jpg\" alt=\"Su\u00edte Duplex Er\u00f3tica\" srcset=\"https:\/\/motellibidus.com.br\/camboriu\/wp-content\/uploads\/2020\/12\/GOPR0934-scaled-1-600x454.jpg 600w\" sizes=\"(max-width: 600px) 100vw, 600px\" >\n\t\t\t\t\t           \t\t \t\t\n\t\t\t\t\t\t\t                \n\t\t\t\t\t\t\t\t\t\t\t\n\t\t\t\t\t\t\t            <\/div>\n\t\t\t\t\t\t\t            \t\t\t\t\t\t\t            \t\t\t\t\t\t\t            \t\t\t\t\t\t\t            \t\t\t\t\t\t\t            \n\t\t\t\t\t\t\t        <\/div> <!-- End wrap_img -->\n\n\t\t\t\t\t\t\t        <div class=\"content col-lg-6 col-md-12\">\n\t\t\t\t\t\t\t\t\t\t\t\t\t\t\t\t\t            <h3 class=\"second_font\"><a href=\"https:\/\/motellibidus.com.br\/camboriu\/product\/suite-duplex-erotica\/\">Su\u00edte Duplex Er\u00f3tica<\/a><\/h3>\n\t\t\t\t\t\t\t            \t\t\t\t\t\t\t            \t\t\t\t\t\t\t            \t\t\t\t\t\t\t            \t\t\t\t\t\t\t            <ul class=\"specical-infor\">\n\t\t\t\t\t\t\t                \t\t\t\t\t\t\t                \t\t\t\t\t\t\t                \t\t\t\t\t\t\t                \t\t\t\t\t\t\t            <\/ul>\n\t\t\t\t\t\t\t        \t\t\t\t\t\t\t\t\t\t\t\t\t\t\t\t\t\t            \t<p>Su\u00edte Duplex Er\u00f3tica duas camas, painel er\u00f3tico, pole dance, cadeira er\u00f3tica, hidromassagem, sauna, ofur\u00f4, frigobar e muito mais...<\/p>\n\t\t\t\t\t\t\t        \t\t\t\t\t\t\t\t            \t\t\t\t\t\t\t\t\t\t\t\t\t\t\t\t\t            \t\t\t\t\t\t\t            \t\t\t\t\t\t\t\t\t\t\t\t\t\t\t\t\t\t\t            <div class=\"discorver\">\n\t\t\t\t\t\t\t\t                <a href=\"https:\/\/motellibidus.com.br\/camboriu\/product\/suite-duplex-erotica\/ \" class=\"discover-now\">\n\t\t\t\t\t\t\t\t                    <span class=\"text\">Book Now<\/span>\n\t\t\t\t\t\t\t\t                <\/a>\n\t\t\t\t\t\t\t\t            <\/div>\n\t\t\t\t\t\t\t\t            \t\t\t\t\t\t\t              \n\n\t\t\t\t\t\t\t        <\/div> <!-- End content -->\n\t\t\t\t\t\t\t    <\/div> <!-- border-box -->\t\t\t\t\t\t\t    \n\t\t\t\t\t\t\t\n\t\t\t\t\t\t\t\t\t\t\t\t\t\t\t            \t\t\t\t\t\t\t\t    \n\t\t\t\t\t\t\t    <div class=\"border-box d-lg-inline-flex d-xl-inline-flex flex-row\" >\t\t\t\t\t\t\t        <div class=\"wrap_img col-lg-6 col-md-12\">\n\t\t\t\t\t\t\t            <div class=\"images_thumb\">\n\n\t\t\t\t\t\t\t            \t\t\t\t\t\t\t\t               \t\t<img decoding=\"async\" src=\"https:\/\/motellibidus.com.br\/camboriu\/wp-content\/uploads\/2018\/11\/japonesa-12-1024x684.jpg\" alt=\"Su\u00edte Japonesa\" srcset=\"https:\/\/motellibidus.com.br\/camboriu\/wp-content\/uploads\/2018\/11\/japonesa-12-600x401.jpg 600w\" sizes=\"(max-width: 600px) 100vw, 600px\" >\n\t\t\t\t\t           \t\t \t\t\n\t\t\t\t\t\t\t                \n\t\t\t\t\t\t\t\t\t\t\t\n\t\t\t\t\t\t\t            <\/div>\n\t\t\t\t\t\t\t            \t\t\t\t\t\t\t            \t\t\t\t\t\t\t            \t\t\t\t\t\t\t            \t\t\t\t\t\t\t            \n\t\t\t\t\t\t\t        <\/div> <!-- End wrap_img -->\n\n\t\t\t\t\t\t\t        <div class=\"content col-lg-6 col-md-12\">\n\t\t\t\t\t\t\t\t\t\t\t\t\t\t\t\t\t            <h3 class=\"second_font\"><a href=\"https:\/\/motellibidus.com.br\/camboriu\/product\/suite-japonesa\/\">Su\u00edte Japonesa<\/a><\/h3>\n\t\t\t\t\t\t\t            \t\t\t\t\t\t\t            \t\t\t\t\t\t\t            \t\t\t\t\t\t\t            \t\t\t\t\t\t\t            <ul class=\"specical-infor\">\n\t\t\t\t\t\t\t                \t\t\t\t\t\t\t                \t\t\t\t\t\t\t                \t\t\t\t\t\t\t                \t\t\t\t\t\t\t            <\/ul>\n\t\t\t\t\t\t\t        \t\t\t\t\t\t\t\t\t\t\t\t\t\t\t\t\t\t            \t<p>Su\u00edte Japonesa conta com cama quadrada, espelho no teto, poltrona er\u00f3tica, hidromassagem, frigobar e muito mais... &nbsp;<\/p>\n\t\t\t\t\t\t\t        \t\t\t\t\t\t\t\t            \t\t\t\t\t\t\t\t\t\t\t\t\t\t\t\t\t            \t\t\t\t\t\t\t            \t\t\t\t\t\t\t\t\t\t\t\t\t\t\t\t\t\t\t            <div class=\"discorver\">\n\t\t\t\t\t\t\t\t                <a href=\"https:\/\/motellibidus.com.br\/camboriu\/product\/suite-japonesa\/ \" class=\"discover-now\">\n\t\t\t\t\t\t\t\t                    <span class=\"text\">Book Now<\/span>\n\t\t\t\t\t\t\t\t                <\/a>\n\t\t\t\t\t\t\t\t            <\/div>\n\t\t\t\t\t\t\t\t            \t\t\t\t\t\t\t              \n\n\t\t\t\t\t\t\t        <\/div> <!-- End content -->\n\t\t\t\t\t\t\t    <\/div> <!-- border-box -->\t\t\t\t\t\t\t    \n\t\t\t\t\t\t\t\n\t\t\t\t\t\t\t       \n                                 \t<\/div>\n\t                            \t\t\t\t\t\t\n\t            \t<\/div> <!-- End owl-carousel -->\n\t            <\/div> <!-- hozing_product_slider -->\n         \t<\/div>                \t                               \t                            \t                          \t              \t        \n\t    <\/div> <!-- hozing_product_slider -->\n\n\t\t\t\t\t<\/div>\n\t\t\t\t<\/div>\n\t\t\t\t\t<\/div>\n\t\t<\/div>\n\t\t\t\t\t<\/div>\n\t\t<\/section>\n\t\t\t\t<\/div>\n\t\t","protected":false},"excerpt":{"rendered":"<p>Su\u00edte Desejo Su\u00edte Desejo conta com decora\u00e7\u00e3o tem\u00e1tica, hidromassagem em formato de cora\u00e7\u00e3o, cama redonda ou quadrada e muito mais&#8230; Book Now Su\u00edte Super Luxo Su\u00edte Super Luxo conta com cama redonda ou quadrada, hidromassagem, poltrona er\u00f3tica e muito mais&#8230; Book Now Triplex Triplex conta com tr\u00eas ambientes, cadeira do amor, espelho no teto, piscina [&hellip;]<\/p>\n","protected":false},"author":1,"featured_media":0,"parent":0,"menu_order":0,"comment_status":"closed","ping_status":"closed","template":"elementor_header_footer","meta":{"footnotes":""},"class_list":["post-4614","page","type-page","status-publish","hentry"],"_links":{"self":[{"href":"https:\/\/motellibidus.com.br\/camboriu\/wp-json\/wp\/v2\/pages\/4614","targetHints":{"allow":["GET"]}}],"collection":[{"href":"https:\/\/motellibidus.com.br\/camboriu\/wp-json\/wp\/v2\/pages"}],"about":[{"href":"https:\/\/motellibidus.com.br\/camboriu\/wp-json\/wp\/v2\/types\/page"}],"author":[{"embeddable":true,"href":"https:\/\/motellibidus.com.br\/camboriu\/wp-json\/wp\/v2\/users\/1"}],"replies":[{"embeddable":true,"href":"https:\/\/motellibidus.com.br\/camboriu\/wp-json\/wp\/v2\/comments?post=4614"}],"version-history":[{"count":116,"href":"https:\/\/motellibidus.com.br\/camboriu\/wp-json\/wp\/v2\/pages\/4614\/revisions"}],"predecessor-version":[{"id":8042,"href":"https:\/\/motellibidus.com.br\/camboriu\/wp-json\/wp\/v2\/pages\/4614\/revisions\/8042"}],"wp:attachment":[{"href":"https:\/\/motellibidus.com.br\/camboriu\/wp-json\/wp\/v2\/media?parent=4614"}],"curies":[{"name":"wp","href":"https:\/\/api.w.org\/{rel}","templated":true}]}}