{"id":51,"date":"2018-10-22T02:30:49","date_gmt":"2018-10-22T02:30:49","guid":{"rendered":"http:\/\/demo.ovathemes.com\/hozing\/?page_id=51"},"modified":"2023-12-14T19:38:20","modified_gmt":"2023-12-14T19:38:20","slug":"home-page-1","status":"publish","type":"page","link":"https:\/\/motellibidus.com.br\/camboriu\/","title":{"rendered":"Home Page 1"},"content":{"rendered":"\t\t<div data-elementor-type=\"wp-post\" data-elementor-id=\"51\" class=\"elementor elementor-51\" data-elementor-post-type=\"page\">\n\t\t\t\t\t\t<section class=\"elementor-section elementor-top-section elementor-element elementor-element-1751751 elementor-section-height-full elementor-section-boxed elementor-section-height-default elementor-section-items-middle\" data-id=\"1751751\" data-element_type=\"section\" data-settings=\"{&quot;background_background&quot;:&quot;video&quot;}\">\n\t\t\t\t\t\t\t<div class=\"elementor-background-overlay\"><\/div>\n\t\t\t\t\t\t\t<div class=\"elementor-container elementor-column-gap-no\">\n\t\t\t\t\t<div class=\"elementor-column elementor-col-100 elementor-top-column elementor-element elementor-element-23c328a\" data-id=\"23c328a\" data-element_type=\"column\">\n\t\t\t<div class=\"elementor-widget-wrap elementor-element-populated\">\n\t\t\t\t\t\t<div class=\"elementor-element elementor-element-8fed032 elementor-widget elementor-widget-heading\" data-id=\"8fed032\" data-element_type=\"widget\" data-widget_type=\"heading.default\">\n\t\t\t\t<div class=\"elementor-widget-container\">\n\t\t\t\t\t<h1 class=\"elementor-heading-title elementor-size-default\">Viva Momentos Inesquec\u00edveis<\/h1>\t\t\t\t<\/div>\n\t\t\t\t<\/div>\n\t\t\t\t<div class=\"elementor-element elementor-element-4c4db32 elementor-widget elementor-widget-spacer\" data-id=\"4c4db32\" data-element_type=\"widget\" data-widget_type=\"spacer.default\">\n\t\t\t\t<div class=\"elementor-widget-container\">\n\t\t\t\t\t\t\t<div class=\"elementor-spacer\">\n\t\t\t<div class=\"elementor-spacer-inner\"><\/div>\n\t\t<\/div>\n\t\t\t\t\t\t<\/div>\n\t\t\t\t<\/div>\n\t\t\t\t<div class=\"elementor-element elementor-element-89791a1 elementor-widget elementor-widget-heading\" data-id=\"89791a1\" data-element_type=\"widget\" data-widget_type=\"heading.default\">\n\t\t\t\t<div class=\"elementor-widget-container\">\n\t\t\t\t\t<h1 class=\"elementor-heading-title elementor-size-default\">Unidade Cambori\u00fa\/Sc<\/h1>\t\t\t\t<\/div>\n\t\t\t\t<\/div>\n\t\t\t\t\t<\/div>\n\t\t<\/div>\n\t\t\t\t\t<\/div>\n\t\t<\/section>\n\t\t\t\t<section class=\"elementor-section elementor-top-section elementor-element elementor-element-fa375d1 elementor-section-boxed elementor-section-height-default elementor-section-height-default\" data-id=\"fa375d1\" data-element_type=\"section\" data-settings=\"{&quot;background_background&quot;:&quot;classic&quot;}\">\n\t\t\t\t\t\t<div class=\"elementor-container elementor-column-gap-default\">\n\t\t\t\t\t<div class=\"elementor-column elementor-col-100 elementor-top-column elementor-element elementor-element-5f1a3a0\" data-id=\"5f1a3a0\" data-element_type=\"column\">\n\t\t\t<div class=\"elementor-widget-wrap elementor-element-populated\">\n\t\t\t\t\t\t<div class=\"elementor-element elementor-element-5db0422 elementor-widget elementor-widget-spacer\" data-id=\"5db0422\" data-element_type=\"widget\" data-widget_type=\"spacer.default\">\n\t\t\t\t<div class=\"elementor-widget-container\">\n\t\t\t\t\t\t\t<div class=\"elementor-spacer\">\n\t\t\t<div class=\"elementor-spacer-inner\"><\/div>\n\t\t<\/div>\n\t\t\t\t\t\t<\/div>\n\t\t\t\t<\/div>\n\t\t\t\t<div class=\"elementor-element elementor-element-30485a0 elementor--h-position-center elementor--v-position-middle elementor-arrows-position-inside elementor-pagination-position-inside elementor-widget elementor-widget-slides\" data-id=\"30485a0\" data-element_type=\"widget\" data-settings=\"{&quot;navigation&quot;:&quot;both&quot;,&quot;autoplay&quot;:&quot;yes&quot;,&quot;pause_on_hover&quot;:&quot;yes&quot;,&quot;pause_on_interaction&quot;:&quot;yes&quot;,&quot;autoplay_speed&quot;:5000,&quot;infinite&quot;:&quot;yes&quot;,&quot;transition&quot;:&quot;slide&quot;,&quot;transition_speed&quot;:500}\" data-widget_type=\"slides.default\">\n\t\t\t\t<div class=\"elementor-widget-container\">\n\t\t\t\t\t\t\t<div class=\"elementor-swiper\">\n\t\t\t<div class=\"elementor-slides-wrapper elementor-main-swiper swiper\" dir=\"ltr\" data-animation=\"fadeInUp\">\n\t\t\t\t<div class=\"swiper-wrapper elementor-slides\">\n\t\t\t\t\t\t\t\t\t\t<div class=\"elementor-repeater-item-fd16ff1 swiper-slide\"><div class=\"swiper-slide-bg\" role=\"img\"><\/div><a class=\"swiper-slide-inner\" href=\"https:\/\/motellibidus.com.br\/camboriu\/product\/suite-duplex-erotica\/\"><div class=\"swiper-slide-contents\"><div class=\"elementor-slide-heading\">Su\u00edte Duplex Er\u00f3tica<\/div><div class=\"elementor-slide-description\">Su\u00edte Duplex Er\u00f3tica duas camas, painel er\u00f3tico, pole dance, cadeira er\u00f3tica, hidromassagem, sauna, ofur\u00f4, frigobar e muito mais...<\/div><div  class=\"elementor-button elementor-slide-button elementor-size-sm\">Saiba mais<\/div><\/div><\/a><\/div><div class=\"elementor-repeater-item-3e7801e swiper-slide\"><div class=\"swiper-slide-bg\" role=\"img\"><\/div><a class=\"swiper-slide-inner\" href=\"https:\/\/motellibidus.com.br\/camboriu\/product\/suite-balada\/\"><div class=\"swiper-slide-contents\"><div class=\"elementor-slide-heading\">Su\u00edte Balada<\/div><div class=\"elementor-slide-description\">Su\u00edte balada tem espa\u00e7o amplo, ideal para festas como despedida de solteiro(a), conta com hidromassagem para at\u00e9 oito pessoas, pole dance, cervejeira e muito mais...<\/div><div  class=\"elementor-button elementor-slide-button elementor-size-sm\">Saiba mais<\/div><\/div><\/a><\/div><div class=\"elementor-repeater-item-f6ebcc6 swiper-slide\"><div class=\"swiper-slide-bg\" role=\"img\"><\/div><a class=\"swiper-slide-inner\" href=\"https:\/\/motellibidus.com.br\/camboriu\/product\/suite-super-luxo\/\"><div class=\"swiper-slide-contents\"><div class=\"elementor-slide-heading\">Su\u00edte Super Luxo<\/div><div class=\"elementor-slide-description\">Su\u00edte Super Luxo conta com cama redonda ou quadrada, hidromassagem, poltrona er\u00f3tica e muito mais...<\/div><div  class=\"elementor-button elementor-slide-button elementor-size-sm\">Saiba mais<\/div><\/div><\/a><\/div>\t\t\t\t<\/div>\n\t\t\t\t\t\t\t\t\t\t\t\t\t\t\t<div class=\"swiper-pagination\"><\/div>\n\t\t\t\t\t\t\t\t\t\t\t\t\t\t\t\t<div class=\"elementor-swiper-button elementor-swiper-button-prev\" role=\"button\" tabindex=\"0\">\n\t\t\t\t\t\t\t<i aria-hidden=\"true\" class=\"eicon-chevron-left\"><\/i>\t\t\t\t\t\t\t<span class=\"elementor-screen-only\">Previous slide<\/span>\n\t\t\t\t\t\t<\/div>\n\t\t\t\t\t\t<div class=\"elementor-swiper-button elementor-swiper-button-next\" role=\"button\" tabindex=\"0\">\n\t\t\t\t\t\t\t<i aria-hidden=\"true\" class=\"eicon-chevron-right\"><\/i>\t\t\t\t\t\t\t<span class=\"elementor-screen-only\">Next slide<\/span>\n\t\t\t\t\t\t<\/div>\n\t\t\t\t\t\t\t\t\t\t\t\t<\/div>\n\t\t<\/div>\n\t\t\t\t\t\t<\/div>\n\t\t\t\t<\/div>\n\t\t\t\t\t<\/div>\n\t\t<\/div>\n\t\t\t\t\t<\/div>\n\t\t<\/section>\n\t\t\t\t<section class=\"elementor-section elementor-top-section elementor-element elementor-element-3c16943 elementor-section-boxed elementor-section-height-default elementor-section-height-default\" data-id=\"3c16943\" data-element_type=\"section\" data-settings=\"{&quot;background_background&quot;:&quot;classic&quot;}\">\n\t\t\t\t\t\t<div class=\"elementor-container elementor-column-gap-default\">\n\t\t\t\t\t<div class=\"elementor-column elementor-col-50 elementor-top-column elementor-element elementor-element-f89510c\" data-id=\"f89510c\" data-element_type=\"column\">\n\t\t\t<div class=\"elementor-widget-wrap elementor-element-populated\">\n\t\t\t\t\t\t<div class=\"elementor-element elementor-element-fe94813 elementor-widget elementor-widget-spacer\" data-id=\"fe94813\" data-element_type=\"widget\" data-widget_type=\"spacer.default\">\n\t\t\t\t<div class=\"elementor-widget-container\">\n\t\t\t\t\t\t\t<div class=\"elementor-spacer\">\n\t\t\t<div class=\"elementor-spacer-inner\"><\/div>\n\t\t<\/div>\n\t\t\t\t\t\t<\/div>\n\t\t\t\t<\/div>\n\t\t\t\t<div class=\"elementor-element elementor-element-fa12fe5 elementor-widget elementor-widget-heading\" data-id=\"fa12fe5\" data-element_type=\"widget\" data-widget_type=\"heading.default\">\n\t\t\t\t<div class=\"elementor-widget-container\">\n\t\t\t\t\t<h2 class=\"elementor-heading-title elementor-size-default\">CONHE\u00c7A NOSSO<\/h2>\t\t\t\t<\/div>\n\t\t\t\t<\/div>\n\t\t\t\t<div class=\"elementor-element elementor-element-3f228f3 elementor-widget elementor-widget-heading\" data-id=\"3f228f3\" data-element_type=\"widget\" data-widget_type=\"heading.default\">\n\t\t\t\t<div class=\"elementor-widget-container\">\n\t\t\t\t\t<h2 class=\"elementor-heading-title elementor-size-default\">Sex Shop<\/h2>\t\t\t\t<\/div>\n\t\t\t\t<\/div>\n\t\t\t\t<div class=\"elementor-element elementor-element-193e1a6 elementor-widget elementor-widget-text-editor\" data-id=\"193e1a6\" data-element_type=\"widget\" data-widget_type=\"text-editor.default\">\n\t\t\t\t<div class=\"elementor-widget-container\">\n\t\t\t\t\t\t\t\t\t<p style=\"text-align: center;\">\u00a0 \u00a0 \u00a0 \u00a0 \u00a0 \u00a0 \u00a0 \u00a0 \u00a0 \u00a0 \u00a0 \u00a0 \u00a0 \u00a0 \u00a0 \u00a0 \u00a0 \u00a0 \u00a0 \u00a0 \u00a0 \u00a0 \u00a0 \u00a0 \u00a0 \u00a0 \u00a0 \u00a0 \u00a0 \u00a0 \u00a0 \u00a0 \u00a0 <i>\u00a0 \u00a0 \u00a0 \u00a0 \u00a0 \u00a0interno<\/i><\/p>\t\t\t\t\t\t\t\t<\/div>\n\t\t\t\t<\/div>\n\t\t\t\t\t<\/div>\n\t\t<\/div>\n\t\t\t\t<div class=\"elementor-column elementor-col-50 elementor-top-column elementor-element elementor-element-0864ea6\" data-id=\"0864ea6\" data-element_type=\"column\">\n\t\t\t<div class=\"elementor-widget-wrap elementor-element-populated\">\n\t\t\t\t\t\t<div class=\"elementor-element elementor-element-0183a79 elementor-widget elementor-widget-image\" data-id=\"0183a79\" data-element_type=\"widget\" data-widget_type=\"image.default\">\n\t\t\t\t<div class=\"elementor-widget-container\">\n\t\t\t\t\t\t\t\t\t\t\t\t\t\t\t<img fetchpriority=\"high\" decoding=\"async\" width=\"1024\" height=\"1024\" src=\"https:\/\/motellibidus.com.br\/camboriu\/wp-content\/uploads\/2023\/11\/CAMBORIU-SEX-SHOP.png\" class=\"attachment-1536x1536 size-1536x1536 wp-image-8131\" alt=\"\" srcset=\"https:\/\/motellibidus.com.br\/camboriu\/wp-content\/uploads\/2023\/11\/CAMBORIU-SEX-SHOP.png 1024w, https:\/\/motellibidus.com.br\/camboriu\/wp-content\/uploads\/2023\/11\/CAMBORIU-SEX-SHOP-300x300.png 300w, https:\/\/motellibidus.com.br\/camboriu\/wp-content\/uploads\/2023\/11\/CAMBORIU-SEX-SHOP-150x150.png 150w, https:\/\/motellibidus.com.br\/camboriu\/wp-content\/uploads\/2023\/11\/CAMBORIU-SEX-SHOP-768x768.png 768w, https:\/\/motellibidus.com.br\/camboriu\/wp-content\/uploads\/2023\/11\/CAMBORIU-SEX-SHOP-600x600.png 600w, https:\/\/motellibidus.com.br\/camboriu\/wp-content\/uploads\/2023\/11\/CAMBORIU-SEX-SHOP-100x100.png 100w\" sizes=\"(max-width: 1024px) 100vw, 1024px\" \/>\t\t\t\t\t\t\t\t\t\t\t\t\t\t\t<\/div>\n\t\t\t\t<\/div>\n\t\t\t\t\t<\/div>\n\t\t<\/div>\n\t\t\t\t\t<\/div>\n\t\t<\/section>\n\t\t\t\t<section class=\"elementor-section elementor-top-section elementor-element elementor-element-3268fd9 elementor-section-boxed elementor-section-height-default elementor-section-height-default\" data-id=\"3268fd9\" data-element_type=\"section\" data-settings=\"{&quot;background_background&quot;:&quot;classic&quot;}\">\n\t\t\t\t\t\t<div class=\"elementor-container elementor-column-gap-default\">\n\t\t\t\t\t<div class=\"elementor-column elementor-col-50 elementor-top-column elementor-element elementor-element-45241ca\" data-id=\"45241ca\" data-element_type=\"column\">\n\t\t\t<div class=\"elementor-widget-wrap elementor-element-populated\">\n\t\t\t\t\t\t<div class=\"elementor-element elementor-element-25f71b0 elementor-widget elementor-widget-image\" data-id=\"25f71b0\" data-element_type=\"widget\" data-widget_type=\"image.default\">\n\t\t\t\t<div class=\"elementor-widget-container\">\n\t\t\t\t\t\t\t\t\t\t\t\t\t\t\t<img decoding=\"async\" width=\"1024\" height=\"1024\" src=\"https:\/\/motellibidus.com.br\/camboriu\/wp-content\/uploads\/2023\/11\/CAMBORIU-COZINHA.png\" class=\"attachment-1536x1536 size-1536x1536 wp-image-8133\" alt=\"\" srcset=\"https:\/\/motellibidus.com.br\/camboriu\/wp-content\/uploads\/2023\/11\/CAMBORIU-COZINHA.png 1024w, https:\/\/motellibidus.com.br\/camboriu\/wp-content\/uploads\/2023\/11\/CAMBORIU-COZINHA-300x300.png 300w, https:\/\/motellibidus.com.br\/camboriu\/wp-content\/uploads\/2023\/11\/CAMBORIU-COZINHA-150x150.png 150w, https:\/\/motellibidus.com.br\/camboriu\/wp-content\/uploads\/2023\/11\/CAMBORIU-COZINHA-768x768.png 768w, https:\/\/motellibidus.com.br\/camboriu\/wp-content\/uploads\/2023\/11\/CAMBORIU-COZINHA-600x600.png 600w, https:\/\/motellibidus.com.br\/camboriu\/wp-content\/uploads\/2023\/11\/CAMBORIU-COZINHA-100x100.png 100w\" sizes=\"(max-width: 1024px) 100vw, 1024px\" \/>\t\t\t\t\t\t\t\t\t\t\t\t\t\t\t<\/div>\n\t\t\t\t<\/div>\n\t\t\t\t\t<\/div>\n\t\t<\/div>\n\t\t\t\t<div class=\"elementor-column elementor-col-50 elementor-top-column elementor-element elementor-element-f79335e\" data-id=\"f79335e\" data-element_type=\"column\">\n\t\t\t<div class=\"elementor-widget-wrap elementor-element-populated\">\n\t\t\t\t\t\t<div class=\"elementor-element elementor-element-4f541da elementor-widget elementor-widget-image\" data-id=\"4f541da\" data-element_type=\"widget\" data-widget_type=\"image.default\">\n\t\t\t\t<div class=\"elementor-widget-container\">\n\t\t\t\t\t\t\t\t\t\t\t\t\t\t\t<img decoding=\"async\" width=\"1024\" height=\"1024\" src=\"https:\/\/motellibidus.com.br\/camboriu\/wp-content\/uploads\/2023\/12\/CAMBORIU-RESERVAS.png\" class=\"attachment-1536x1536 size-1536x1536 wp-image-8203\" alt=\"\" srcset=\"https:\/\/motellibidus.com.br\/camboriu\/wp-content\/uploads\/2023\/12\/CAMBORIU-RESERVAS.png 1024w, https:\/\/motellibidus.com.br\/camboriu\/wp-content\/uploads\/2023\/12\/CAMBORIU-RESERVAS-300x300.png 300w, https:\/\/motellibidus.com.br\/camboriu\/wp-content\/uploads\/2023\/12\/CAMBORIU-RESERVAS-150x150.png 150w, https:\/\/motellibidus.com.br\/camboriu\/wp-content\/uploads\/2023\/12\/CAMBORIU-RESERVAS-768x768.png 768w, https:\/\/motellibidus.com.br\/camboriu\/wp-content\/uploads\/2023\/12\/CAMBORIU-RESERVAS-600x600.png 600w, https:\/\/motellibidus.com.br\/camboriu\/wp-content\/uploads\/2023\/12\/CAMBORIU-RESERVAS-100x100.png 100w\" sizes=\"(max-width: 1024px) 100vw, 1024px\" \/>\t\t\t\t\t\t\t\t\t\t\t\t\t\t\t<\/div>\n\t\t\t\t<\/div>\n\t\t\t\t\t<\/div>\n\t\t<\/div>\n\t\t\t\t\t<\/div>\n\t\t<\/section>\n\t\t\t\t<section class=\"elementor-section elementor-top-section elementor-element elementor-element-4e17789 elementor-section-boxed elementor-section-height-default elementor-section-height-default\" data-id=\"4e17789\" data-element_type=\"section\" data-settings=\"{&quot;background_background&quot;:&quot;classic&quot;}\">\n\t\t\t\t\t\t<div class=\"elementor-container elementor-column-gap-default\">\n\t\t\t\t\t<div class=\"elementor-column elementor-col-100 elementor-top-column elementor-element elementor-element-dbfd587\" data-id=\"dbfd587\" data-element_type=\"column\">\n\t\t\t<div class=\"elementor-widget-wrap elementor-element-populated\">\n\t\t\t\t\t\t<div class=\"elementor-element elementor-element-b7e0f0f elementor-widget elementor-widget-image\" data-id=\"b7e0f0f\" data-element_type=\"widget\" data-widget_type=\"image.default\">\n\t\t\t\t<div class=\"elementor-widget-container\">\n\t\t\t\t\t\t\t\t\t\t\t\t\t\t\t<img loading=\"lazy\" decoding=\"async\" width=\"1370\" height=\"600\" src=\"https:\/\/motellibidus.com.br\/camboriu\/wp-content\/uploads\/2023\/11\/BANNER-ESPUMANTE-CAMBORIU.png\" class=\"attachment-1536x1536 size-1536x1536 wp-image-8135\" alt=\"\" srcset=\"https:\/\/motellibidus.com.br\/camboriu\/wp-content\/uploads\/2023\/11\/BANNER-ESPUMANTE-CAMBORIU.png 1370w, https:\/\/motellibidus.com.br\/camboriu\/wp-content\/uploads\/2023\/11\/BANNER-ESPUMANTE-CAMBORIU-300x131.png 300w, https:\/\/motellibidus.com.br\/camboriu\/wp-content\/uploads\/2023\/11\/BANNER-ESPUMANTE-CAMBORIU-1024x448.png 1024w, https:\/\/motellibidus.com.br\/camboriu\/wp-content\/uploads\/2023\/11\/BANNER-ESPUMANTE-CAMBORIU-768x336.png 768w, https:\/\/motellibidus.com.br\/camboriu\/wp-content\/uploads\/2023\/11\/BANNER-ESPUMANTE-CAMBORIU-600x263.png 600w\" sizes=\"(max-width: 1370px) 100vw, 1370px\" \/>\t\t\t\t\t\t\t\t\t\t\t\t\t\t\t<\/div>\n\t\t\t\t<\/div>\n\t\t\t\t\t<\/div>\n\t\t<\/div>\n\t\t\t\t\t<\/div>\n\t\t<\/section>\n\t\t\t\t<\/div>\n\t\t","protected":false},"excerpt":{"rendered":"<p>Viva Momentos Inesquec\u00edveis Unidade Cambori\u00fa\/Sc Su\u00edte Duplex Er\u00f3ticaSu\u00edte Duplex Er\u00f3tica duas camas, painel er\u00f3tico, pole dance, cadeira er\u00f3tica, hidromassagem, sauna, ofur\u00f4, frigobar e muito mais&#8230;Saiba maisSu\u00edte BaladaSu\u00edte balada tem espa\u00e7o amplo, ideal para festas como despedida de solteiro(a), conta com hidromassagem para at\u00e9 oito pessoas, pole dance, cervejeira e muito mais&#8230;Saiba maisSu\u00edte Super LuxoSu\u00edte Super [&hellip;]<\/p>\n","protected":false},"author":1,"featured_media":0,"parent":0,"menu_order":0,"comment_status":"closed","ping_status":"closed","template":"elementor_header_footer","meta":{"footnotes":""},"class_list":["post-51","page","type-page","status-publish","hentry"],"_links":{"self":[{"href":"https:\/\/motellibidus.com.br\/camboriu\/wp-json\/wp\/v2\/pages\/51","targetHints":{"allow":["GET"]}}],"collection":[{"href":"https:\/\/motellibidus.com.br\/camboriu\/wp-json\/wp\/v2\/pages"}],"about":[{"href":"https:\/\/motellibidus.com.br\/camboriu\/wp-json\/wp\/v2\/types\/page"}],"author":[{"embeddable":true,"href":"https:\/\/motellibidus.com.br\/camboriu\/wp-json\/wp\/v2\/users\/1"}],"replies":[{"embeddable":true,"href":"https:\/\/motellibidus.com.br\/camboriu\/wp-json\/wp\/v2\/comments?post=51"}],"version-history":[{"count":379,"href":"https:\/\/motellibidus.com.br\/camboriu\/wp-json\/wp\/v2\/pages\/51\/revisions"}],"predecessor-version":[{"id":8206,"href":"https:\/\/motellibidus.com.br\/camboriu\/wp-json\/wp\/v2\/pages\/51\/revisions\/8206"}],"wp:attachment":[{"href":"https:\/\/motellibidus.com.br\/camboriu\/wp-json\/wp\/v2\/media?parent=51"}],"curies":[{"name":"wp","href":"https:\/\/api.w.org\/{rel}","templated":true}]}}