{"id":7139,"date":"2020-12-28T18:39:34","date_gmt":"2020-12-28T18:39:34","guid":{"rendered":"https:\/\/testecliente.com.br\/norte2\/?post_type=product&#038;p=7139"},"modified":"2026-02-21T15:28:31","modified_gmt":"2026-02-21T18:28:31","slug":"suite-balada","status":"publish","type":"product","link":"https:\/\/motellibidus.com.br\/camboriu\/product\/suite-balada\/","title":{"rendered":"Su\u00edte Balada"},"content":{"rendered":"\t\t<div data-elementor-type=\"wp-post\" data-elementor-id=\"7139\" class=\"elementor elementor-7139\" data-elementor-post-type=\"product\">\n\t\t\t\t\t\t<section class=\"elementor-section elementor-top-section elementor-element elementor-element-4dbfd80b elementor-section-boxed elementor-section-height-default elementor-section-height-default\" data-id=\"4dbfd80b\" data-element_type=\"section\">\n\t\t\t\t\t\t<div class=\"elementor-container elementor-column-gap-default\">\n\t\t\t\t\t<div class=\"elementor-column elementor-col-100 elementor-top-column elementor-element elementor-element-17228de4\" data-id=\"17228de4\" data-element_type=\"column\">\n\t\t\t<div class=\"elementor-widget-wrap elementor-element-populated\">\n\t\t\t\t\t\t<div class=\"elementor-element elementor-element-7cb7b86f elementor-widget elementor-widget-text-editor\" data-id=\"7cb7b86f\" data-element_type=\"widget\" data-widget_type=\"text-editor.default\">\n\t\t\t\t<div class=\"elementor-widget-container\">\n\t\t\t\t\t\t\t\t\t<p><strong>A Su\u00edte Balada \u00e9 composta por:<\/strong><\/p>\n<ul>\n<li>Cama quadrada<\/li>\n<li>Bancada com banquetas<\/li>\n<li>Som + Tv LCD 42 c\/ canais porn\u00f4<\/li>\n<li>Cervejeira<\/li>\n<li>Hidromassagem para at\u00e9 8(oito) pessoas<\/li>\n<li>Ar Condicionado<\/li>\n<li>Secador de Cabelo<\/li>\n<li>Ducha quente\/fria<\/li>\n<li>Poltrona er\u00f3tica<\/li>\n<li>Frigobar<\/li>\n<li>Garagem privativa com port\u00e3o eletr\u00f4nico.<\/li>\n<\/ul>\n<hr>\n<p><strong><br>R$500,00 <\/strong>(Per\u00edodo 02 horas)<br><strong>R$932,00<\/strong> (Pernoite de at\u00e9 12 horas, incluso caf\u00e9 da manh\u00e3 para 02 pessoas)<br><\/p>\n<p><strong>R$107,00<\/strong> (Adicional por hora)<br><strong>R$80,00<\/strong> (Adicional por pessoa)<\/p>\n<hr>\n<p><strong><span style=\"color: #800000;\"><br>CONSULTAR VALORES POR CASAL<\/span><\/strong><\/p>\n<p>O MOTEL LIBIDU\u2019S oferece cortesias especiais para seus h\u00f3spedes. Na PERNOITE, o caf\u00e9 da manh\u00e3 \u00e9 servido sem custo e complet\u00edssimo, acompanha: caf\u00e9, leite, misto-quente, frutas da esta\u00e7\u00e3o, torradas, biscoitos, sucos, ch\u00e1s, geleia.<\/p>\n<ul>\n<li style=\"list-style-type: none;\">\n<ul>\n<li>Consultar sobre reservas e decora\u00e7\u00e3o para o Dia dos Namorados.<\/li>\n<li>Consultar sobre reservas e decora\u00e7\u00f5es Sexta-feira e S\u00e1bado.<\/li>\n<\/ul>\n<\/li>\n<\/ul>\t\t\t\t\t\t\t\t<\/div>\n\t\t\t\t<\/div>\n\t\t\t\t\t<\/div>\n\t\t<\/div>\n\t\t\t\t\t<\/div>\n\t\t<\/section>\n\t\t\t\t<\/div>\n\t\t","protected":false},"excerpt":{"rendered":"<p>Su\u00edte balada tem espa\u00e7o amplo, ideal para festas como despedida de solteiro(a), conta com hidromassagem para at\u00e9 oito pessoas, pole dance, cervejeira e muito mais&#8230;<\/p>\n<p>&nbsp;<\/p>\n<div><\/div>\n<div><\/div>\n","protected":false},"featured_media":7450,"comment_status":"closed","ping_status":"closed","template":"","meta":[],"product_cat":[40],"product_tag":[],"class_list":{"0":"post-7139","1":"product","2":"type-product","3":"status-publish","4":"has-post-thumbnail","6":"product_cat-luxury-room","8":"first","9":"instock","10":"shipping-taxable","11":"product-type-ovacrs_car_rental"},"_links":{"self":[{"href":"https:\/\/motellibidus.com.br\/camboriu\/wp-json\/wp\/v2\/product\/7139","targetHints":{"allow":["GET"]}}],"collection":[{"href":"https:\/\/motellibidus.com.br\/camboriu\/wp-json\/wp\/v2\/product"}],"about":[{"href":"https:\/\/motellibidus.com.br\/camboriu\/wp-json\/wp\/v2\/types\/product"}],"replies":[{"embeddable":true,"href":"https:\/\/motellibidus.com.br\/camboriu\/wp-json\/wp\/v2\/comments?post=7139"}],"version-history":[{"count":49,"href":"https:\/\/motellibidus.com.br\/camboriu\/wp-json\/wp\/v2\/product\/7139\/revisions"}],"predecessor-version":[{"id":8352,"href":"https:\/\/motellibidus.com.br\/camboriu\/wp-json\/wp\/v2\/product\/7139\/revisions\/8352"}],"wp:featuredmedia":[{"embeddable":true,"href":"https:\/\/motellibidus.com.br\/camboriu\/wp-json\/wp\/v2\/media\/7450"}],"wp:attachment":[{"href":"https:\/\/motellibidus.com.br\/camboriu\/wp-json\/wp\/v2\/media?parent=7139"}],"wp:term":[{"taxonomy":"product_cat","embeddable":true,"href":"https:\/\/motellibidus.com.br\/camboriu\/wp-json\/wp\/v2\/product_cat?post=7139"},{"taxonomy":"product_tag","embeddable":true,"href":"https:\/\/motellibidus.com.br\/camboriu\/wp-json\/wp\/v2\/product_tag?post=7139"}],"curies":[{"name":"wp","href":"https:\/\/api.w.org\/{rel}","templated":true}]}}