{"id":7654,"date":"2023-05-02T23:12:32","date_gmt":"2023-05-02T23:12:32","guid":{"rendered":"https:\/\/motellibidus.com.br\/camboriu\/?post_type=product&#038;p=7654"},"modified":"2026-02-21T15:21:50","modified_gmt":"2026-02-21T18:21:50","slug":"suite-super-luxo","status":"publish","type":"product","link":"https:\/\/motellibidus.com.br\/camboriu\/product\/suite-super-luxo\/","title":{"rendered":"Su\u00edte Super Luxo"},"content":{"rendered":"\t\t<div data-elementor-type=\"wp-post\" data-elementor-id=\"7654\" class=\"elementor elementor-7654\" data-elementor-post-type=\"product\">\n\t\t\t\t\t\t<section class=\"elementor-section elementor-top-section elementor-element elementor-element-2a93cb19 elementor-section-boxed elementor-section-height-default elementor-section-height-default\" data-id=\"2a93cb19\" data-element_type=\"section\">\n\t\t\t\t\t\t<div class=\"elementor-container elementor-column-gap-default\">\n\t\t\t\t\t<div class=\"elementor-column elementor-col-100 elementor-top-column elementor-element elementor-element-3fe8991e\" data-id=\"3fe8991e\" data-element_type=\"column\">\n\t\t\t<div class=\"elementor-widget-wrap elementor-element-populated\">\n\t\t\t\t\t\t<div class=\"elementor-element elementor-element-1c5053f7 elementor-widget elementor-widget-text-editor\" data-id=\"1c5053f7\" data-element_type=\"widget\" data-widget_type=\"text-editor.default\">\n\t\t\t\t<div class=\"elementor-widget-container\">\n\t\t\t\t\t\t\t\t\t<p><strong>A Su\u00edte Super Luxo \u00e9 composta por:<\/strong><\/p>\n<ul>\n<li><span style=\"color: #000000;\">Cama quadrada ou redonda<\/span><\/li>\n<li><span style=\"color: #000000;\">Tv LCD 42 c\/ canais de som e porn\u00f4<\/span><\/li>\n<li><span style=\"color: #000000;\">Hidromassagem<\/span><\/li>\n<li><span style=\"color: #000000;\">Ar Condicionado<\/span><\/li>\n<li><span style=\"color: #000000;\">Secador de Cabelo<\/span><\/li>\n<li><span style=\"color: #000000;\">Ducha quente\/fria<\/span><\/li>\n<li><span style=\"color: #000000;\">Poltrona er\u00f3tica<\/span><\/li>\n<li><span style=\"color: #000000;\">Garagem privativa com port\u00e3o eletr\u00f4nico.<\/span><\/li>\n<\/ul>\n<hr>\n<p><strong><br>R$257,00 <\/strong>(Per\u00edodo 02 horas)<br><strong>R$437,00<\/strong> (Pernoite de at\u00e9 12 horas, incluso caf\u00e9 da manh\u00e3 para 02 pessoas)<br><br><strong>R$62,00<\/strong> (Adicional por hora)<strong><br>R$53,00 <\/strong>(Adicional por pessoa)<\/p>\n<hr>\n<p><strong><br><span style=\"color: #800000;\">CONSULTAR VALORES POR CASAL<\/span><\/strong><\/p>\n<p>O MOTEL LIBIDU&#8217;S oferece cortesias especiais para seus h\u00f3spedes. Na PERNOITE, o caf\u00e9 da manh\u00e3 \u00e9 servido sem custo e complet\u00edssimo, acompanha: caf\u00e9, leite, misto-quente, frutas da esta\u00e7\u00e3o, torradas, biscoitos, sucos, ch\u00e1s, geleia.<\/p>\n<ul>\n<li><span style=\"color: #000000;\">Consultar sobre reservas e decora\u00e7\u00e3o para o Dia dos Namorados.<\/span><\/li>\n<li><span style=\"color: #000000;\">Consultar sobre reservas e decora\u00e7\u00f5es Sexta-feira e S\u00e1bado.<\/span><\/li>\n<\/ul>\t\t\t\t\t\t\t\t<\/div>\n\t\t\t\t<\/div>\n\t\t\t\t\t<\/div>\n\t\t<\/div>\n\t\t\t\t\t<\/div>\n\t\t<\/section>\n\t\t\t\t<\/div>\n\t\t","protected":false},"excerpt":{"rendered":"<p>Su\u00edte Super Luxo conta com cama redonda ou quadrada, hidromassagem, poltrona er\u00f3tica e muito mais&#8230;<\/p>\n<div><\/div>\n","protected":false},"featured_media":7661,"comment_status":"closed","ping_status":"closed","template":"","meta":[],"product_cat":[40],"product_tag":[],"class_list":{"0":"post-7654","1":"product","2":"type-product","3":"status-publish","4":"has-post-thumbnail","6":"product_cat-luxury-room","8":"first","9":"instock","10":"shipping-taxable","11":"product-type-ovacrs_car_rental"},"_links":{"self":[{"href":"https:\/\/motellibidus.com.br\/camboriu\/wp-json\/wp\/v2\/product\/7654","targetHints":{"allow":["GET"]}}],"collection":[{"href":"https:\/\/motellibidus.com.br\/camboriu\/wp-json\/wp\/v2\/product"}],"about":[{"href":"https:\/\/motellibidus.com.br\/camboriu\/wp-json\/wp\/v2\/types\/product"}],"replies":[{"embeddable":true,"href":"https:\/\/motellibidus.com.br\/camboriu\/wp-json\/wp\/v2\/comments?post=7654"}],"version-history":[{"count":40,"href":"https:\/\/motellibidus.com.br\/camboriu\/wp-json\/wp\/v2\/product\/7654\/revisions"}],"predecessor-version":[{"id":8332,"href":"https:\/\/motellibidus.com.br\/camboriu\/wp-json\/wp\/v2\/product\/7654\/revisions\/8332"}],"wp:featuredmedia":[{"embeddable":true,"href":"https:\/\/motellibidus.com.br\/camboriu\/wp-json\/wp\/v2\/media\/7661"}],"wp:attachment":[{"href":"https:\/\/motellibidus.com.br\/camboriu\/wp-json\/wp\/v2\/media?parent=7654"}],"wp:term":[{"taxonomy":"product_cat","embeddable":true,"href":"https:\/\/motellibidus.com.br\/camboriu\/wp-json\/wp\/v2\/product_cat?post=7654"},{"taxonomy":"product_tag","embeddable":true,"href":"https:\/\/motellibidus.com.br\/camboriu\/wp-json\/wp\/v2\/product_tag?post=7654"}],"curies":[{"name":"wp","href":"https:\/\/api.w.org\/{rel}","templated":true}]}}