{"id":7111,"date":"2020-12-28T18:18:23","date_gmt":"2020-12-28T18:18:23","guid":{"rendered":"https:\/\/testecliente.com.br\/norte2\/?post_type=product&#038;p=7111"},"modified":"2024-04-05T13:54:01","modified_gmt":"2024-04-05T13:54:01","slug":"desejo","status":"publish","type":"product","link":"https:\/\/motellibidus.com.br\/joinvillenorte\/product\/desejo\/","title":{"rendered":"DESEJO"},"content":{"rendered":"\t\t<div data-elementor-type=\"wp-post\" data-elementor-id=\"7111\" class=\"elementor elementor-7111\">\n\t\t\t\t\t\t\t\t\t<section class=\"elementor-section elementor-top-section elementor-element elementor-element-4dbfd80b elementor-section-boxed elementor-section-height-default elementor-section-height-default\" data-id=\"4dbfd80b\" data-element_type=\"section\">\n\t\t\t\t\t\t<div class=\"elementor-container elementor-column-gap-default\">\n\t\t\t\t\t<div class=\"elementor-column elementor-col-100 elementor-top-column elementor-element elementor-element-17228de4\" data-id=\"17228de4\" data-element_type=\"column\">\n\t\t\t<div class=\"elementor-widget-wrap elementor-element-populated\">\n\t\t\t\t\t\t\t\t<div class=\"elementor-element elementor-element-7cb7b86f elementor-widget elementor-widget-text-editor\" data-id=\"7cb7b86f\" data-element_type=\"widget\" data-widget_type=\"text-editor.default\">\n\t\t\t\t<div class=\"elementor-widget-container\">\n\t\t\t\t\t\t\t<ul><li>Banheira de Hidromassagem em formato de cora\u00e7\u00e3o vermelho<\/li><li>Pole Dance<\/li><li>TV Plasma de 42\u2033<\/li><li>Canais de Som e Porn\u00f4<\/li><li>Ducha Quente \/ Fria<\/li><li>Garagem individual com port\u00e3o eletr\u00f4nico<\/li><li>Nessa su\u00edte recomendamos decora\u00e7\u00e3o, onde acompanha p\u00e9talas de rosas, frutas da esta\u00e7\u00e3o, bombons, velas, ta\u00e7as e uma garrafa de champanhe.<\/li><\/ul><hr \/><p><strong><br \/>R$180,00 <\/strong>(Per\u00edodo 02 horas)<br \/><strong>R$330,00 <\/strong>(Pernoite de at\u00e9 12 horas, incluso caf\u00e9 da manh\u00e3 para 02 pessoas).<strong><br \/><\/strong>Hora adicional:<strong> R$60,00<br \/><\/strong><\/p><hr \/><p><strong><br \/>VALORES POR CASAL<\/strong><\/p><p>O MOTEL LIBIDU\u2019S oferece cortesias especiais para seus h\u00f3spedes. Na PERNOITE, o caf\u00e9 da manh\u00e3 \u00e9 servido sem custo e complet\u00edssimo, acompanha: caf\u00e9, leite, misto-quente, frutas da esta\u00e7\u00e3o, torradas, biscoitos, sucos, ch\u00e1s, geleia.<\/p><ul><li>Consultar sobre reservas e decora\u00e7\u00e3o para o Dia dos Namorados.<\/li><li>Consultar sobre reservas e decora\u00e7\u00f5es Sexta-feira e S\u00e1bado.<\/li><\/ul>\t\t\t\t\t\t<\/div>\n\t\t\t\t<\/div>\n\t\t\t\t\t<\/div>\n\t\t<\/div>\n\t\t\t\t\t\t\t<\/div>\n\t\t<\/section>\n\t\t\t\t<section class=\"elementor-section elementor-top-section elementor-element elementor-element-4e49b9d elementor-section-boxed elementor-section-height-default elementor-section-height-default\" data-id=\"4e49b9d\" data-element_type=\"section\">\n\t\t\t\t\t\t<div class=\"elementor-container elementor-column-gap-default\">\n\t\t\t\t\t<div class=\"elementor-column elementor-col-100 elementor-top-column elementor-element elementor-element-add2c96\" data-id=\"add2c96\" data-element_type=\"column\">\n\t\t\t<div class=\"elementor-widget-wrap elementor-element-populated\">\n\t\t\t\t\t\t\t\t<div class=\"elementor-element elementor-element-762bdb6 elementor-widget elementor-widget-spacer\" data-id=\"762bdb6\" data-element_type=\"widget\" data-widget_type=\"spacer.default\">\n\t\t\t\t<div class=\"elementor-widget-container\">\n\t\t\t\t\t<div class=\"elementor-spacer\">\n\t\t\t<div class=\"elementor-spacer-inner\"><\/div>\n\t\t<\/div>\n\t\t\t\t<\/div>\n\t\t\t\t<\/div>\n\t\t\t\t\t<\/div>\n\t\t<\/div>\n\t\t\t\t\t\t\t<\/div>\n\t\t<\/section>\n\t\t\t\t\t\t\t<\/div>\n\t\t","protected":false},"excerpt":{"rendered":"<p>Banheira de Hidromassagem em formato de cora\u00e7\u00e3o vermelho, pole dance, TV Plasma de 42\u2033, canais de som e porn\u00f4 e ducha quente \/ Fria.<\/p>\n<p><span class=\"google_OpenSans_01\">\u00a0<\/span><\/p>\n<div><\/div>\n<div><\/div>\n","protected":false},"featured_media":7113,"comment_status":"closed","ping_status":"closed","template":"","meta":[],"product_cat":[40],"product_tag":[],"_links":{"self":[{"href":"https:\/\/motellibidus.com.br\/joinvillenorte\/wp-json\/wp\/v2\/product\/7111"}],"collection":[{"href":"https:\/\/motellibidus.com.br\/joinvillenorte\/wp-json\/wp\/v2\/product"}],"about":[{"href":"https:\/\/motellibidus.com.br\/joinvillenorte\/wp-json\/wp\/v2\/types\/product"}],"replies":[{"embeddable":true,"href":"https:\/\/motellibidus.com.br\/joinvillenorte\/wp-json\/wp\/v2\/comments?post=7111"}],"version-history":[{"count":44,"href":"https:\/\/motellibidus.com.br\/joinvillenorte\/wp-json\/wp\/v2\/product\/7111\/revisions"}],"predecessor-version":[{"id":7468,"href":"https:\/\/motellibidus.com.br\/joinvillenorte\/wp-json\/wp\/v2\/product\/7111\/revisions\/7468"}],"wp:featuredmedia":[{"embeddable":true,"href":"https:\/\/motellibidus.com.br\/joinvillenorte\/wp-json\/wp\/v2\/media\/7113"}],"wp:attachment":[{"href":"https:\/\/motellibidus.com.br\/joinvillenorte\/wp-json\/wp\/v2\/media?parent=7111"}],"wp:term":[{"taxonomy":"product_cat","embeddable":true,"href":"https:\/\/motellibidus.com.br\/joinvillenorte\/wp-json\/wp\/v2\/product_cat?post=7111"},{"taxonomy":"product_tag","embeddable":true,"href":"https:\/\/motellibidus.com.br\/joinvillenorte\/wp-json\/wp\/v2\/product_tag?post=7111"}],"curies":[{"name":"wp","href":"https:\/\/api.w.org\/{rel}","templated":true}]}}