{"id":7131,"date":"2020-12-28T18:31:35","date_gmt":"2020-12-28T18:31:35","guid":{"rendered":"https:\/\/testecliente.com.br\/norte2\/?post_type=product&#038;p=7131"},"modified":"2024-04-05T13:53:12","modified_gmt":"2024-04-05T13:53:12","slug":"premium","status":"publish","type":"product","link":"https:\/\/motellibidus.com.br\/joinvillenorte\/product\/premium\/","title":{"rendered":"PREMIUM"},"content":{"rendered":"\t\t<div data-elementor-type=\"wp-post\" data-elementor-id=\"7131\" class=\"elementor elementor-7131\">\n\t\t\t\t\t\t\t\t\t<section class=\"elementor-section elementor-top-section elementor-element elementor-element-4dbfd80b elementor-section-boxed elementor-section-height-default elementor-section-height-default\" data-id=\"4dbfd80b\" data-element_type=\"section\">\n\t\t\t\t\t\t<div class=\"elementor-container elementor-column-gap-default\">\n\t\t\t\t\t<div class=\"elementor-column elementor-col-100 elementor-top-column elementor-element elementor-element-17228de4\" data-id=\"17228de4\" data-element_type=\"column\">\n\t\t\t<div class=\"elementor-widget-wrap elementor-element-populated\">\n\t\t\t\t\t\t\t\t<div class=\"elementor-element elementor-element-7cb7b86f elementor-widget elementor-widget-text-editor\" data-id=\"7cb7b86f\" data-element_type=\"widget\" data-widget_type=\"text-editor.default\">\n\t\t\t\t<div class=\"elementor-widget-container\">\n\t\t\t\t\t\t\t<ul><li>Tv de 50<\/li><li>Canais de som e porn\u00f4<\/li><li>Jacuzzi<\/li><li>Ar condicionado<\/li><li>Secador de cabelo<\/li><li>Ducha fria\/quente<\/li><li>Pole dance<\/li><li>Sof\u00e1<\/li><li>Poltrona er\u00f3tica<\/li><li>Cadeira er\u00f3tica<\/li><li>Frigobar<\/li><li>Garagem privativa<\/li><li>Port\u00e3o eletr\u00f4nico<\/li><\/ul><hr \/><p><strong><br \/>R$260,00 <\/strong>(Per\u00edodo 02 horas)<br \/><strong>R$410,00 <\/strong>(Pernoite de at\u00e9 12 horas, incluso caf\u00e9 da manh\u00e3 para 02 pessoas).<strong><br \/><\/strong>Hora adicional:<strong> R$70,00<\/strong><\/p><ul><li><p>Temos <span style=\"color: #ff0000;\"><strong>promo\u00e7\u00e3o<\/strong><\/span> de <span style=\"color: #ff0000;\"><strong>segunda<\/strong><\/span> \u00e0 <span style=\"color: #ff0000;\"><strong>quinta-feira <\/strong><\/span>at\u00e9 \u00e0s<strong><span style=\"color: #ff0000;\"> 23:59<\/span> = R$190,00\u00a0 <\/strong>(Per\u00edodo 02 horas)\u00a0 &#8211; <em>(Obs.: <strong>exceto feriados<\/strong>)<\/em><\/p><hr \/><p><strong><br \/>VALORES POR CASAL<\/strong><\/p><p>O MOTEL LIBIDU\u2019S oferece cortesias especiais para seus h\u00f3spedes. Na PERNOITE, o caf\u00e9 da manh\u00e3 \u00e9 servido sem custo e complet\u00edssimo, acompanha: caf\u00e9, leite, misto-quente, frutas da esta\u00e7\u00e3o, torradas, biscoitos, sucos, ch\u00e1s, geleia.<\/p><ul><li>Consultar sobre reservas e decora\u00e7\u00e3o para o Dia dos Namorados.<\/li><li>Consultar sobre reservas e decora\u00e7\u00f5es Sexta-feira e S\u00e1bado.<\/li><\/ul><\/li><\/ul>\t\t\t\t\t\t<\/div>\n\t\t\t\t<\/div>\n\t\t\t\t\t<\/div>\n\t\t<\/div>\n\t\t\t\t\t\t\t<\/div>\n\t\t<\/section>\n\t\t\t\t<section class=\"elementor-section elementor-top-section elementor-element elementor-element-70404f9 elementor-section-boxed elementor-section-height-default elementor-section-height-default\" data-id=\"70404f9\" data-element_type=\"section\">\n\t\t\t\t\t\t<div class=\"elementor-container elementor-column-gap-default\">\n\t\t\t\t\t<div class=\"elementor-column elementor-col-100 elementor-top-column elementor-element elementor-element-9eb5354\" data-id=\"9eb5354\" data-element_type=\"column\">\n\t\t\t<div class=\"elementor-widget-wrap elementor-element-populated\">\n\t\t\t\t\t\t\t\t<div class=\"elementor-element elementor-element-7f3e2f7 elementor-widget elementor-widget-spacer\" data-id=\"7f3e2f7\" data-element_type=\"widget\" data-widget_type=\"spacer.default\">\n\t\t\t\t<div class=\"elementor-widget-container\">\n\t\t\t\t\t<div class=\"elementor-spacer\">\n\t\t\t<div class=\"elementor-spacer-inner\"><\/div>\n\t\t<\/div>\n\t\t\t\t<\/div>\n\t\t\t\t<\/div>\n\t\t\t\t\t<\/div>\n\t\t<\/div>\n\t\t\t\t\t\t\t<\/div>\n\t\t<\/section>\n\t\t\t\t\t\t\t<\/div>\n\t\t","protected":false},"excerpt":{"rendered":"<p><span class=\"\">Tv de 50, canais de som e porno, jacuzzi,\u00a0 ar condicionado, secador de cabelo, ducha fria\/quente, pole dance,\u00a0 sof\u00e1, poltrona er\u00f3tica, cadeira er\u00f3tica, frigobar, garagem privativa e port\u00e3o eletr\u00f4nico.<\/span><\/p>\n<p><span class=\"google_OpenSans_01\">\u00a0<\/span><\/p>\n<div><\/div>\n<div><\/div>\n","protected":false},"featured_media":7133,"comment_status":"closed","ping_status":"closed","template":"","meta":[],"product_cat":[40],"product_tag":[],"_links":{"self":[{"href":"https:\/\/motellibidus.com.br\/joinvillenorte\/wp-json\/wp\/v2\/product\/7131"}],"collection":[{"href":"https:\/\/motellibidus.com.br\/joinvillenorte\/wp-json\/wp\/v2\/product"}],"about":[{"href":"https:\/\/motellibidus.com.br\/joinvillenorte\/wp-json\/wp\/v2\/types\/product"}],"replies":[{"embeddable":true,"href":"https:\/\/motellibidus.com.br\/joinvillenorte\/wp-json\/wp\/v2\/comments?post=7131"}],"version-history":[{"count":44,"href":"https:\/\/motellibidus.com.br\/joinvillenorte\/wp-json\/wp\/v2\/product\/7131\/revisions"}],"predecessor-version":[{"id":7465,"href":"https:\/\/motellibidus.com.br\/joinvillenorte\/wp-json\/wp\/v2\/product\/7131\/revisions\/7465"}],"wp:featuredmedia":[{"embeddable":true,"href":"https:\/\/motellibidus.com.br\/joinvillenorte\/wp-json\/wp\/v2\/media\/7133"}],"wp:attachment":[{"href":"https:\/\/motellibidus.com.br\/joinvillenorte\/wp-json\/wp\/v2\/media?parent=7131"}],"wp:term":[{"taxonomy":"product_cat","embeddable":true,"href":"https:\/\/motellibidus.com.br\/joinvillenorte\/wp-json\/wp\/v2\/product_cat?post=7131"},{"taxonomy":"product_tag","embeddable":true,"href":"https:\/\/motellibidus.com.br\/joinvillenorte\/wp-json\/wp\/v2\/product_tag?post=7131"}],"curies":[{"name":"wp","href":"https:\/\/api.w.org\/{rel}","templated":true}]}}