{"id":4614,"date":"2019-08-28T17:54:35","date_gmt":"2019-08-28T17:54:35","guid":{"rendered":"https:\/\/demo.goodlayers.com\/hotelmaster\/main4\/?page_id=4614"},"modified":"2023-06-15T14:38:19","modified_gmt":"2023-06-15T14:38:19","slug":"suites","status":"publish","type":"page","link":"https:\/\/motellibidus.com.br\/joinvillesul\/suites\/","title":{"rendered":"Su\u00edtes"},"content":{"rendered":"\t\t<div data-elementor-type=\"wp-page\" data-elementor-id=\"4614\" class=\"elementor elementor-4614\" data-elementor-post-type=\"page\">\n\t\t\t\t\t\t<section class=\"elementor-section elementor-top-section elementor-element elementor-element-f593933 elementor-section-full_width elementor-section-height-default elementor-section-height-default\" data-id=\"f593933\" data-element_type=\"section\" data-settings=\"{&quot;background_background&quot;:&quot;classic&quot;}\">\n\t\t\t\t\t\t<div class=\"elementor-container elementor-column-gap-no\">\n\t\t\t\t\t<div class=\"elementor-column elementor-col-100 elementor-top-column elementor-element elementor-element-a720c95\" data-id=\"a720c95\" data-element_type=\"column\">\n\t\t\t<div class=\"elementor-widget-wrap elementor-element-populated\">\n\t\t\t\t\t\t<div class=\"elementor-element elementor-element-80b0e45 elementor-widget elementor-widget-spacer\" data-id=\"80b0e45\" data-element_type=\"widget\" data-widget_type=\"spacer.default\">\n\t\t\t\t<div class=\"elementor-widget-container\">\n\t\t\t\t\t<div class=\"elementor-spacer\">\n\t\t\t<div class=\"elementor-spacer-inner\"><\/div>\n\t\t<\/div>\n\t\t\t\t<\/div>\n\t\t\t\t<\/div>\n\t\t\t\t<div class=\"elementor-element elementor-element-8154a74 elementor-widget elementor-widget-ova_room_slider\" data-id=\"8154a74\" data-element_type=\"widget\" data-widget_type=\"ova_room_slider.default\">\n\t\t\t\t<div class=\"elementor-widget-container\">\n\t\t\t\t\t\n        <div class=\"woocommerce hozing_wrap_product\">\n        \t<div class=\"container\">\n\n\t\t\t\t\n\t          \t<div class=\"hozing_product_slider style3\">\n\t          \t\t\t          \t\t\n\t        \t\t<div class=\"owl-carousel owl-theme\" data-options=\"{&quot;total_columns_slide&quot;:1,&quot;items_ipad&quot;:1,&quot;items_mobile&quot;:1,&quot;smartSpeed&quot;:500,&quot;margin&quot;:23,&quot;loop&quot;:false,&quot;autoplay&quot;:true,&quot;autoplayTimeout&quot;:5000,&quot;autoplayHoverPause&quot;:true,&quot;dots&quot;:true,&quot;nav&quot;:false,&quot;slideBy&quot;:0,&quot;prev&quot;:&quot;&lt;i class=\\&quot;arrow_carrot-left\\&quot;&gt;&lt;\\\/i&gt;&quot;,&quot;next&quot;:&quot;&lt;i class=\\&quot;arrow_carrot-right\\&quot;&gt;&lt;\\\/i&gt;&quot;}\">\n\t\t\t\t\t\t\t\t            \t\t                            <div class=\"rental_item item product_room_list\">\n\t                        \t\t\t\t\t\t\t    \n\t\t\t\t\t\t\t    <div class=\"border-box d-lg-inline-flex d-xl-inline-flex flex-row\" >\t\t\t\t\t\t\t        <div class=\"wrap_img col-lg-6 col-md-12\">\n\t\t\t\t\t\t\t            <div class=\"images_thumb\">\n\n\t\t\t\t\t\t\t            \t\t\t\t\t\t\t\t               \t\t<img decoding=\"async\" src=\"https:\/\/motellibidus.com.br\/joinvillesul\/wp-content\/uploads\/2023\/05\/desejo-master6-1024x684.jpg\" alt=\"Su\u00edte Desejo Master\" srcset=\"https:\/\/motellibidus.com.br\/joinvillesul\/wp-content\/uploads\/2023\/05\/desejo-master6-600x401.jpg 600w\" sizes=\"(max-width: 600px) 100vw, 600px\" >\n\t\t\t\t\t           \t\t \t\t\n\t\t\t\t\t\t\t                \n\t\t\t\t\t\t\t\t\t\t\t\n\t\t\t\t\t\t\t            <\/div>\n\t\t\t\t\t\t\t            \t\t\t\t\t\t\t            \t\t\t\t\t\t\t            \t\t\t\t\t\t\t            \t\t\t\t\t\t\t            \n\t\t\t\t\t\t\t        <\/div> <!-- End wrap_img -->\n\n\t\t\t\t\t\t\t        <div class=\"content col-lg-6 col-md-12\">\n\t\t\t\t\t\t\t\t\t\t\t\t\t\t\t\t\t            <h3 class=\"second_font\"><a href=\"https:\/\/motellibidus.com.br\/joinvillesul\/product\/suite-desejo-2\/\">Su\u00edte Desejo Master<\/a><\/h3>\n\t\t\t\t\t\t\t            \t\t\t\t\t\t\t            \t\t\t\t\t\t\t            \t\t\t\t\t\t\t            \t\t\t\t\t\t\t            <ul class=\"specical-infor\">\n\t\t\t\t\t\t\t                \t\t\t\t\t\t\t                \t\t\t\t\t\t\t                \t\t\t\t\t\t\t                \t\t\t\t\t\t\t            <\/ul>\n\t\t\t\t\t\t\t        \t\t\t\t\t\t\t\t\t\t\t\t\t\t\t\t\t\t            \t<p>Su\u00edte Desejo Master conta com hidromassagem, duas camas na op\u00e7\u00e3o redonda ou quadrada e muito mais...<\/p>\n\t\t\t\t\t\t\t        \t\t\t\t\t\t\t\t            \t\t\t\t\t\t\t\t\t\t\t\t\t\t\t\t\t            \t\t\t\t\t\t\t            \t\t\t\t\t\t\t\t\t\t\t\t\t\t\t\t\t\t\t            <div class=\"discorver\">\n\t\t\t\t\t\t\t\t                <a href=\"https:\/\/motellibidus.com.br\/joinvillesul\/product\/suite-desejo-2\/ \" class=\"discover-now\">\n\t\t\t\t\t\t\t\t                    <span class=\"text\">Book Now<\/span>\n\t\t\t\t\t\t\t\t                <\/a>\n\t\t\t\t\t\t\t\t            <\/div>\n\t\t\t\t\t\t\t\t            \t\t\t\t\t\t\t              \n\n\t\t\t\t\t\t\t        <\/div> <!-- End content -->\n\t\t\t\t\t\t\t    <\/div> <!-- border-box -->\t\t\t\t\t\t\t    \n\t\t\t\t\t\t\t\n\t\t\t\t\t\t\t\t\t\t\t\t\t\t\t            \t\t\t\t\t\t\t\t    \n\t\t\t\t\t\t\t    <div class=\"border-box d-lg-inline-flex d-xl-inline-flex flex-row-reverse\" >\t\t\t\t\t\t\t        <div class=\"wrap_img col-lg-6 col-md-12\">\n\t\t\t\t\t\t\t            <div class=\"images_thumb\">\n\n\t\t\t\t\t\t\t            \t\t\t\t\t\t\t\t               \t\t<img decoding=\"async\" src=\"https:\/\/motellibidus.com.br\/joinvillesul\/wp-content\/uploads\/2023\/05\/luxo-1024x684.jpg\" alt=\"Su\u00edte Luxo\" srcset=\"https:\/\/motellibidus.com.br\/joinvillesul\/wp-content\/uploads\/2023\/05\/luxo-600x401.jpg 600w\" sizes=\"(max-width: 600px) 100vw, 600px\" >\n\t\t\t\t\t           \t\t \t\t\n\t\t\t\t\t\t\t                \n\t\t\t\t\t\t\t\t\t\t\t\n\t\t\t\t\t\t\t            <\/div>\n\t\t\t\t\t\t\t            \t\t\t\t\t\t\t            \t\t\t\t\t\t\t            \t\t\t\t\t\t\t            \t\t\t\t\t\t\t            \n\t\t\t\t\t\t\t        <\/div> <!-- End wrap_img -->\n\n\t\t\t\t\t\t\t        <div class=\"content col-lg-6 col-md-12\">\n\t\t\t\t\t\t\t\t\t\t\t\t\t\t\t\t\t            <h3 class=\"second_font\"><a href=\"https:\/\/motellibidus.com.br\/joinvillesul\/product\/suite-super-luxo\/\">Su\u00edte Luxo<\/a><\/h3>\n\t\t\t\t\t\t\t            \t\t\t\t\t\t\t            \t\t\t\t\t\t\t            \t\t\t\t\t\t\t            \t\t\t\t\t\t\t            <ul class=\"specical-infor\">\n\t\t\t\t\t\t\t                \t\t\t\t\t\t\t                \t\t\t\t\t\t\t                \t\t\t\t\t\t\t                \t\t\t\t\t\t\t            <\/ul>\n\t\t\t\t\t\t\t        \t\t\t\t\t\t\t\t\t\t\t\t\t\t\t\t\t\t            \t<p>Su\u00edte Luxo conta com cama, poltrona er\u00f3tica e muito mais...<\/p>\n\t\t\t\t\t\t\t        \t\t\t\t\t\t\t\t            \t\t\t\t\t\t\t\t\t\t\t\t\t\t\t\t\t            \t\t\t\t\t\t\t            \t\t\t\t\t\t\t\t\t\t\t\t\t\t\t\t\t\t\t            <div class=\"discorver\">\n\t\t\t\t\t\t\t\t                <a href=\"https:\/\/motellibidus.com.br\/joinvillesul\/product\/suite-super-luxo\/ \" class=\"discover-now\">\n\t\t\t\t\t\t\t\t                    <span class=\"text\">Book Now<\/span>\n\t\t\t\t\t\t\t\t                <\/a>\n\t\t\t\t\t\t\t\t            <\/div>\n\t\t\t\t\t\t\t\t            \t\t\t\t\t\t\t              \n\n\t\t\t\t\t\t\t        <\/div> <!-- End content -->\n\t\t\t\t\t\t\t    <\/div> <!-- border-box -->\t\t\t\t\t\t\t    \n\t\t\t\t\t\t\t\n\t\t\t\t\t\t\t\t\t\t\t\t\t\t\t            \t\t\t\t\t\t\t\t    \n\t\t\t\t\t\t\t    <div class=\"border-box d-lg-inline-flex d-xl-inline-flex flex-row\" >\t\t\t\t\t\t\t        <div class=\"wrap_img col-lg-6 col-md-12\">\n\t\t\t\t\t\t\t            <div class=\"images_thumb\">\n\n\t\t\t\t\t\t\t            \t\t\t\t\t\t\t\t               \t\t<img decoding=\"async\" src=\"https:\/\/motellibidus.com.br\/joinvillesul\/wp-content\/uploads\/2023\/05\/desejo_8-1024x684.jpg\" alt=\"Desejo\" srcset=\"https:\/\/motellibidus.com.br\/joinvillesul\/wp-content\/uploads\/2023\/05\/desejo_8-600x401.jpg 600w\" sizes=\"(max-width: 600px) 100vw, 600px\" >\n\t\t\t\t\t           \t\t \t\t\n\t\t\t\t\t\t\t                \n\t\t\t\t\t\t\t\t\t\t\t\n\t\t\t\t\t\t\t            <\/div>\n\t\t\t\t\t\t\t            \t\t\t\t\t\t\t            \t\t\t\t\t\t\t            \t\t\t\t\t\t\t            \t\t\t\t\t\t\t            \n\t\t\t\t\t\t\t        <\/div> <!-- End wrap_img -->\n\n\t\t\t\t\t\t\t        <div class=\"content col-lg-6 col-md-12\">\n\t\t\t\t\t\t\t\t\t\t\t\t\t\t\t\t\t            <h3 class=\"second_font\"><a href=\"https:\/\/motellibidus.com.br\/joinvillesul\/product\/triplex\/\">Desejo<\/a><\/h3>\n\t\t\t\t\t\t\t            \t\t\t\t\t\t\t            \t\t\t\t\t\t\t            \t\t\t\t\t\t\t            \t\t\t\t\t\t\t            <ul class=\"specical-infor\">\n\t\t\t\t\t\t\t                \t\t\t\t\t\t\t                \t\t\t\t\t\t\t                \t\t\t\t\t\t\t                \t\t\t\t\t\t\t            <\/ul>\n\t\t\t\t\t\t\t        \t\t\t\t\t\t\t\t\t\t\t\t\t\t\t\t\t\t            \t<p>Su\u00edte Desejo conta com bar, poltrona er\u00f3tica, hidromassagem e muito mais...<\/p>\n\t\t\t\t\t\t\t        \t\t\t\t\t\t\t\t            \t\t\t\t\t\t\t\t\t\t\t\t\t\t\t\t\t            \t\t\t\t\t\t\t            \t\t\t\t\t\t\t\t\t\t\t\t\t\t\t\t\t\t\t            <div class=\"discorver\">\n\t\t\t\t\t\t\t\t                <a href=\"https:\/\/motellibidus.com.br\/joinvillesul\/product\/triplex\/ \" class=\"discover-now\">\n\t\t\t\t\t\t\t\t                    <span class=\"text\">Book Now<\/span>\n\t\t\t\t\t\t\t\t                <\/a>\n\t\t\t\t\t\t\t\t            <\/div>\n\t\t\t\t\t\t\t\t            \t\t\t\t\t\t\t              \n\n\t\t\t\t\t\t\t        <\/div> <!-- End content -->\n\t\t\t\t\t\t\t    <\/div> <!-- border-box -->\t\t\t\t\t\t\t    \n\t\t\t\t\t\t\t\n\t\t\t\t\t\t\t\t\t\t\t\t\t\t\t            \t\t\t\t\t\t\t\t    \n\t\t\t\t\t\t\t    <div class=\"border-box d-lg-inline-flex d-xl-inline-flex flex-row-reverse\" >\t\t\t\t\t\t\t        <div class=\"wrap_img col-lg-6 col-md-12\">\n\t\t\t\t\t\t\t            <div class=\"images_thumb\">\n\n\t\t\t\t\t\t\t            \t\t\t\t\t\t\t\t               \t\t<img decoding=\"async\" src=\"https:\/\/motellibidus.com.br\/joinvillesul\/wp-content\/uploads\/2023\/05\/super_luxo2-1024x684.jpg\" alt=\"Su\u00edte Super Luxo\" srcset=\"https:\/\/motellibidus.com.br\/joinvillesul\/wp-content\/uploads\/2023\/05\/super_luxo2-600x401.jpg 600w\" sizes=\"(max-width: 600px) 100vw, 600px\" >\n\t\t\t\t\t           \t\t \t\t\n\t\t\t\t\t\t\t                \n\t\t\t\t\t\t\t\t\t\t\t\n\t\t\t\t\t\t\t            <\/div>\n\t\t\t\t\t\t\t            \t\t\t\t\t\t\t            \t\t\t\t\t\t\t            \t\t\t\t\t\t\t            \t\t\t\t\t\t\t            \n\t\t\t\t\t\t\t        <\/div> <!-- End wrap_img -->\n\n\t\t\t\t\t\t\t        <div class=\"content col-lg-6 col-md-12\">\n\t\t\t\t\t\t\t\t\t\t\t\t\t\t\t\t\t            <h3 class=\"second_font\"><a href=\"https:\/\/motellibidus.com.br\/joinvillesul\/product\/suite-luxo\/\">Su\u00edte Super Luxo<\/a><\/h3>\n\t\t\t\t\t\t\t            \t\t\t\t\t\t\t            \t\t\t\t\t\t\t            \t\t\t\t\t\t\t            \t\t\t\t\t\t\t            <ul class=\"specical-infor\">\n\t\t\t\t\t\t\t                \t\t\t\t\t\t\t                \t\t\t\t\t\t\t                \t\t\t\t\t\t\t                \t\t\t\t\t\t\t            <\/ul>\n\t\t\t\t\t\t\t        \t\t\t\t\t\t\t\t\t\t\t\t\t\t\t\t\t\t            \t<p>Su\u00edte Super Luxo conta com cama, hidromassagem, poltrona er\u00f3tica, frigobar e muito mais...<\/p>\n\t\t\t\t\t\t\t        \t\t\t\t\t\t\t\t            \t\t\t\t\t\t\t\t\t\t\t\t\t\t\t\t\t            \t\t\t\t\t\t\t            \t\t\t\t\t\t\t\t\t\t\t\t\t\t\t\t\t\t\t            <div class=\"discorver\">\n\t\t\t\t\t\t\t\t                <a href=\"https:\/\/motellibidus.com.br\/joinvillesul\/product\/suite-luxo\/ \" class=\"discover-now\">\n\t\t\t\t\t\t\t\t                    <span class=\"text\">Book Now<\/span>\n\t\t\t\t\t\t\t\t                <\/a>\n\t\t\t\t\t\t\t\t            <\/div>\n\t\t\t\t\t\t\t\t            \t\t\t\t\t\t\t              \n\n\t\t\t\t\t\t\t        <\/div> <!-- End content -->\n\t\t\t\t\t\t\t    <\/div> <!-- border-box -->\t\t\t\t\t\t\t    \n\t\t\t\t\t\t\t\n\t\t\t\t\t\t\t       \n                                 \t<\/div>\n\t                            \t\t\t\t\t\t\n\t            \t<\/div> <!-- End owl-carousel -->\n\t            <\/div> <!-- hozing_product_slider -->\n         \t<\/div>                \t                               \t                            \t                          \t              \t        \n\t    <\/div> <!-- hozing_product_slider -->\n\n\t\t\t<\/div>\n\t\t\t\t<\/div>\n\t\t\t\t\t<\/div>\n\t\t<\/div>\n\t\t\t\t\t<\/div>\n\t\t<\/section>\n\t\t\t\t<\/div>\n\t\t","protected":false},"excerpt":{"rendered":"<p>Su\u00edte Desejo Master Su\u00edte Desejo Master conta com hidromassagem, duas camas na op\u00e7\u00e3o redonda ou quadrada e muito mais&#8230; Book Now Su\u00edte Luxo Su\u00edte Luxo conta com cama, poltrona er\u00f3tica e muito mais&#8230; Book Now Desejo Su\u00edte Desejo conta com bar, poltrona er\u00f3tica, hidromassagem e muito mais&#8230; Book Now Su\u00edte Super Luxo Su\u00edte Super Luxo [&hellip;]<\/p>\n","protected":false},"author":1,"featured_media":0,"parent":0,"menu_order":0,"comment_status":"closed","ping_status":"open","template":"elementor_header_footer","meta":{"footnotes":""},"class_list":["post-4614","page","type-page","status-publish","hentry"],"_links":{"self":[{"href":"https:\/\/motellibidus.com.br\/joinvillesul\/wp-json\/wp\/v2\/pages\/4614"}],"collection":[{"href":"https:\/\/motellibidus.com.br\/joinvillesul\/wp-json\/wp\/v2\/pages"}],"about":[{"href":"https:\/\/motellibidus.com.br\/joinvillesul\/wp-json\/wp\/v2\/types\/page"}],"author":[{"embeddable":true,"href":"https:\/\/motellibidus.com.br\/joinvillesul\/wp-json\/wp\/v2\/users\/1"}],"replies":[{"embeddable":true,"href":"https:\/\/motellibidus.com.br\/joinvillesul\/wp-json\/wp\/v2\/comments?post=4614"}],"version-history":[{"count":119,"href":"https:\/\/motellibidus.com.br\/joinvillesul\/wp-json\/wp\/v2\/pages\/4614\/revisions"}],"predecessor-version":[{"id":8252,"href":"https:\/\/motellibidus.com.br\/joinvillesul\/wp-json\/wp\/v2\/pages\/4614\/revisions\/8252"}],"wp:attachment":[{"href":"https:\/\/motellibidus.com.br\/joinvillesul\/wp-json\/wp\/v2\/media?parent=4614"}],"curies":[{"name":"wp","href":"https:\/\/api.w.org\/{rel}","templated":true}]}}