{"id":51,"date":"2018-10-22T02:30:49","date_gmt":"2018-10-22T02:30:49","guid":{"rendered":"http:\/\/demo.ovathemes.com\/hozing\/?page_id=51"},"modified":"2024-01-31T19:43:52","modified_gmt":"2024-01-31T19:43:52","slug":"home-page-1","status":"publish","type":"page","link":"https:\/\/motellibidus.com.br\/joinvillesul\/","title":{"rendered":"Home Page 1"},"content":{"rendered":"\t\t<div data-elementor-type=\"wp-post\" data-elementor-id=\"51\" class=\"elementor elementor-51\" data-elementor-post-type=\"page\">\n\t\t\t\t\t\t<section class=\"elementor-section elementor-top-section elementor-element elementor-element-1751751 elementor-section-height-full elementor-section-boxed elementor-section-height-default elementor-section-items-middle\" data-id=\"1751751\" data-element_type=\"section\" data-settings=\"{&quot;background_background&quot;:&quot;video&quot;}\">\n\t\t\t\t\t\t\t<div class=\"elementor-background-overlay\"><\/div>\n\t\t\t\t\t\t\t<div class=\"elementor-container elementor-column-gap-no\">\n\t\t\t\t\t<div class=\"elementor-column elementor-col-100 elementor-top-column elementor-element elementor-element-23c328a\" data-id=\"23c328a\" data-element_type=\"column\">\n\t\t\t<div class=\"elementor-widget-wrap elementor-element-populated\">\n\t\t\t\t\t\t<div class=\"elementor-element elementor-element-8fed032 elementor-widget elementor-widget-heading\" data-id=\"8fed032\" data-element_type=\"widget\" data-widget_type=\"heading.default\">\n\t\t\t\t<div class=\"elementor-widget-container\">\n\t\t\t<h1 class=\"elementor-heading-title elementor-size-default\">O seu prazer est\u00e1 aqui!<\/h1>\t\t<\/div>\n\t\t\t\t<\/div>\n\t\t\t\t<div class=\"elementor-element elementor-element-4c4db32 elementor-widget elementor-widget-spacer\" data-id=\"4c4db32\" data-element_type=\"widget\" data-widget_type=\"spacer.default\">\n\t\t\t\t<div class=\"elementor-widget-container\">\n\t\t\t\t\t<div class=\"elementor-spacer\">\n\t\t\t<div class=\"elementor-spacer-inner\"><\/div>\n\t\t<\/div>\n\t\t\t\t<\/div>\n\t\t\t\t<\/div>\n\t\t\t\t<div class=\"elementor-element elementor-element-89791a1 elementor-widget elementor-widget-heading\" data-id=\"89791a1\" data-element_type=\"widget\" data-widget_type=\"heading.default\">\n\t\t\t\t<div class=\"elementor-widget-container\">\n\t\t\t<h1 class=\"elementor-heading-title elementor-size-default\">Unidade Joinville|Sul -  SC<\/h1>\t\t<\/div>\n\t\t\t\t<\/div>\n\t\t\t\t\t<\/div>\n\t\t<\/div>\n\t\t\t\t\t<\/div>\n\t\t<\/section>\n\t\t\t\t<section class=\"elementor-section elementor-top-section elementor-element elementor-element-fa375d1 elementor-section-boxed elementor-section-height-default elementor-section-height-default\" data-id=\"fa375d1\" data-element_type=\"section\" data-settings=\"{&quot;background_background&quot;:&quot;classic&quot;}\">\n\t\t\t\t\t\t<div class=\"elementor-container elementor-column-gap-default\">\n\t\t\t\t\t<div class=\"elementor-column elementor-col-100 elementor-top-column elementor-element elementor-element-5f1a3a0\" data-id=\"5f1a3a0\" data-element_type=\"column\">\n\t\t\t<div class=\"elementor-widget-wrap elementor-element-populated\">\n\t\t\t\t\t\t<div class=\"elementor-element elementor-element-5db0422 elementor-widget elementor-widget-spacer\" data-id=\"5db0422\" data-element_type=\"widget\" data-widget_type=\"spacer.default\">\n\t\t\t\t<div class=\"elementor-widget-container\">\n\t\t\t\t\t<div class=\"elementor-spacer\">\n\t\t\t<div class=\"elementor-spacer-inner\"><\/div>\n\t\t<\/div>\n\t\t\t\t<\/div>\n\t\t\t\t<\/div>\n\t\t\t\t<div class=\"elementor-element elementor-element-30485a0 elementor--h-position-center elementor--v-position-middle elementor-arrows-position-inside elementor-pagination-position-inside elementor-widget elementor-widget-slides\" data-id=\"30485a0\" data-element_type=\"widget\" data-settings=\"{&quot;navigation&quot;:&quot;both&quot;,&quot;autoplay&quot;:&quot;yes&quot;,&quot;pause_on_hover&quot;:&quot;yes&quot;,&quot;pause_on_interaction&quot;:&quot;yes&quot;,&quot;autoplay_speed&quot;:5000,&quot;infinite&quot;:&quot;yes&quot;,&quot;transition&quot;:&quot;slide&quot;,&quot;transition_speed&quot;:500}\" data-widget_type=\"slides.default\">\n\t\t\t\t<div class=\"elementor-widget-container\">\n\t\t\t\t\t<div class=\"elementor-swiper\">\n\t\t\t<div class=\"elementor-slides-wrapper elementor-main-swiper swiper\" dir=\"ltr\" data-animation=\"fadeInUp\">\n\t\t\t\t<div class=\"swiper-wrapper elementor-slides\">\n\t\t\t\t\t\t\t\t\t\t<div class=\"elementor-repeater-item-3e7801e swiper-slide\"><div class=\"swiper-slide-bg\" role=\"img\"><\/div><a class=\"swiper-slide-inner\" href=\"https:\/\/motellibidus.com.br\/joinvillesul\/product\/suite-desejo-2\/https:\/\/motellibidus.com.br\/joinvillesul\/product\/suite-desejo-2\/\"><div class=\"swiper-slide-contents\"><div class=\"elementor-slide-heading\">Su\u00edte Desejo Master<\/div><div class=\"elementor-slide-description\">Su\u00edte Desejo Master conta com hidromassagem, duas camas na op\u00e7\u00e3o redonda ou quadrada e muito mais...<\/div><div  class=\"elementor-button elementor-slide-button elementor-size-sm\">Saiba mais<\/div><\/div><\/a><\/div><div class=\"elementor-repeater-item-928c65b swiper-slide\"><div class=\"swiper-slide-bg\" role=\"img\"><\/div><a class=\"swiper-slide-inner\" href=\"https:\/\/motellibidus.com.br\/joinvillesul\/product\/suite-super-luxo\/\"><div class=\"swiper-slide-contents\"><div class=\"elementor-slide-heading\">Su\u00edte Super Luxo<\/div><div class=\"elementor-slide-description\">Su\u00edte Super Luxo conta com cama, hidromassagem, poltrona er\u00f3tica, frigobar e muito mais...<\/div><div  class=\"elementor-button elementor-slide-button elementor-size-sm\">Saiba mais<\/div><\/div><\/a><\/div>\t\t\t\t<\/div>\n\t\t\t\t\t\t\t\t\t\t\t\t\t\t\t<div class=\"swiper-pagination\"><\/div>\n\t\t\t\t\t\t\t\t\t\t\t\t\t\t\t\t<div class=\"elementor-swiper-button elementor-swiper-button-prev\" role=\"button\" tabindex=\"0\">\n\t\t\t\t\t\t\t<i aria-hidden=\"true\" class=\"eicon-chevron-left\"><\/i>\t\t\t\t\t\t\t<span class=\"elementor-screen-only\">Previous slide<\/span>\n\t\t\t\t\t\t<\/div>\n\t\t\t\t\t\t<div class=\"elementor-swiper-button elementor-swiper-button-next\" role=\"button\" tabindex=\"0\">\n\t\t\t\t\t\t\t<i aria-hidden=\"true\" class=\"eicon-chevron-right\"><\/i>\t\t\t\t\t\t\t<span class=\"elementor-screen-only\">Next slide<\/span>\n\t\t\t\t\t\t<\/div>\n\t\t\t\t\t\t\t\t\t\t\t\t<\/div>\n\t\t<\/div>\n\t\t\t\t<\/div>\n\t\t\t\t<\/div>\n\t\t\t\t\t<\/div>\n\t\t<\/div>\n\t\t\t\t\t<\/div>\n\t\t<\/section>\n\t\t\t\t<section class=\"elementor-section elementor-top-section elementor-element elementor-element-3c16943 elementor-section-boxed elementor-section-height-default elementor-section-height-default\" data-id=\"3c16943\" data-element_type=\"section\" data-settings=\"{&quot;background_background&quot;:&quot;classic&quot;}\">\n\t\t\t\t\t\t<div class=\"elementor-container elementor-column-gap-default\">\n\t\t\t\t\t<div class=\"elementor-column elementor-col-100 elementor-top-column elementor-element elementor-element-f89510c\" data-id=\"f89510c\" data-element_type=\"column\">\n\t\t\t<div class=\"elementor-widget-wrap elementor-element-populated\">\n\t\t\t\t\t\t<div class=\"elementor-element elementor-element-0fc93f2 elementor-widget elementor-widget-image\" data-id=\"0fc93f2\" data-element_type=\"widget\" data-widget_type=\"image.default\">\n\t\t\t\t<div class=\"elementor-widget-container\">\n\t\t\t\t\t\t\t\t\t\t\t\t\t<img fetchpriority=\"high\" decoding=\"async\" width=\"1024\" height=\"390\" src=\"https:\/\/motellibidus.com.br\/joinvillesul\/wp-content\/uploads\/2023\/11\/BANNER-SEX-SHOP-JS-1024x390.png\" class=\"attachment-large size-large wp-image-8297\" alt=\"\" srcset=\"https:\/\/motellibidus.com.br\/joinvillesul\/wp-content\/uploads\/2023\/11\/BANNER-SEX-SHOP-JS-1024x390.png 1024w, https:\/\/motellibidus.com.br\/joinvillesul\/wp-content\/uploads\/2023\/11\/BANNER-SEX-SHOP-JS-300x114.png 300w, https:\/\/motellibidus.com.br\/joinvillesul\/wp-content\/uploads\/2023\/11\/BANNER-SEX-SHOP-JS-768x293.png 768w, https:\/\/motellibidus.com.br\/joinvillesul\/wp-content\/uploads\/2023\/11\/BANNER-SEX-SHOP-JS-1536x585.png 1536w, https:\/\/motellibidus.com.br\/joinvillesul\/wp-content\/uploads\/2023\/11\/BANNER-SEX-SHOP-JS-2048x780.png 2048w, https:\/\/motellibidus.com.br\/joinvillesul\/wp-content\/uploads\/2023\/11\/BANNER-SEX-SHOP-JS-600x229.png 600w\" sizes=\"(max-width: 1024px) 100vw, 1024px\" \/>\t\t\t\t\t\t\t\t\t\t\t\t\t<\/div>\n\t\t\t\t<\/div>\n\t\t\t\t<div class=\"elementor-element elementor-element-5e36217 elementor-widget elementor-widget-spacer\" data-id=\"5e36217\" data-element_type=\"widget\" data-widget_type=\"spacer.default\">\n\t\t\t\t<div class=\"elementor-widget-container\">\n\t\t\t\t\t<div class=\"elementor-spacer\">\n\t\t\t<div class=\"elementor-spacer-inner\"><\/div>\n\t\t<\/div>\n\t\t\t\t<\/div>\n\t\t\t\t<\/div>\n\t\t\t\t<div class=\"elementor-element elementor-element-f55b51f elementor-widget elementor-widget-image\" data-id=\"f55b51f\" data-element_type=\"widget\" data-widget_type=\"image.default\">\n\t\t\t\t<div class=\"elementor-widget-container\">\n\t\t\t\t\t\t\t\t\t\t\t\t\t<img decoding=\"async\" width=\"1024\" height=\"390\" src=\"https:\/\/motellibidus.com.br\/joinvillesul\/wp-content\/uploads\/2023\/11\/BANNER-COZINHA-JS-1024x390.png\" class=\"attachment-large size-large wp-image-8296\" alt=\"\" srcset=\"https:\/\/motellibidus.com.br\/joinvillesul\/wp-content\/uploads\/2023\/11\/BANNER-COZINHA-JS-1024x390.png 1024w, https:\/\/motellibidus.com.br\/joinvillesul\/wp-content\/uploads\/2023\/11\/BANNER-COZINHA-JS-300x114.png 300w, https:\/\/motellibidus.com.br\/joinvillesul\/wp-content\/uploads\/2023\/11\/BANNER-COZINHA-JS-768x293.png 768w, https:\/\/motellibidus.com.br\/joinvillesul\/wp-content\/uploads\/2023\/11\/BANNER-COZINHA-JS-1536x585.png 1536w, https:\/\/motellibidus.com.br\/joinvillesul\/wp-content\/uploads\/2023\/11\/BANNER-COZINHA-JS-2048x780.png 2048w, https:\/\/motellibidus.com.br\/joinvillesul\/wp-content\/uploads\/2023\/11\/BANNER-COZINHA-JS-600x229.png 600w\" sizes=\"(max-width: 1024px) 100vw, 1024px\" \/>\t\t\t\t\t\t\t\t\t\t\t\t\t<\/div>\n\t\t\t\t<\/div>\n\t\t\t\t\t<\/div>\n\t\t<\/div>\n\t\t\t\t\t<\/div>\n\t\t<\/section>\n\t\t\t\t<section class=\"elementor-section elementor-top-section elementor-element elementor-element-4e17789 elementor-section-boxed elementor-section-height-default elementor-section-height-default\" data-id=\"4e17789\" data-element_type=\"section\" data-settings=\"{&quot;background_background&quot;:&quot;classic&quot;}\">\n\t\t\t\t\t\t<div class=\"elementor-container elementor-column-gap-default\">\n\t\t\t\t\t<div class=\"elementor-column elementor-col-100 elementor-top-column elementor-element elementor-element-dbfd587\" data-id=\"dbfd587\" data-element_type=\"column\">\n\t\t\t<div class=\"elementor-widget-wrap elementor-element-populated\">\n\t\t\t\t\t\t<div class=\"elementor-element elementor-element-b7e0f0f elementor-widget elementor-widget-image\" data-id=\"b7e0f0f\" data-element_type=\"widget\" data-widget_type=\"image.default\">\n\t\t\t\t<div class=\"elementor-widget-container\">\n\t\t\t\t\t\t\t\t\t\t\t\t\t<img decoding=\"async\" src=\"https:\/\/motellibidus.com.br\/joinvillesul\/wp-content\/uploads\/2023\/05\/banner-aniversariante-camboriu.png\" title=\"\" alt=\"\" loading=\"lazy\" \/>\t\t\t\t\t\t\t\t\t\t\t\t\t<\/div>\n\t\t\t\t<\/div>\n\t\t\t\t\t<\/div>\n\t\t<\/div>\n\t\t\t\t\t<\/div>\n\t\t<\/section>\n\t\t\t\t<\/div>\n\t\t","protected":false},"excerpt":{"rendered":"<p>O seu prazer est\u00e1 aqui! Unidade Joinville|Sul &#8211; SC Su\u00edte Desejo Master conta com hidromassagem, duas camas na op\u00e7\u00e3o redonda ou quadrada e muito mais&#8230;Saiba maisSu\u00edte Super Luxo conta com cama, hidromassagem, poltrona er\u00f3tica, frigobar e muito mais&#8230;Saiba mais Previous slide Next slide<\/p>\n","protected":false},"author":1,"featured_media":0,"parent":0,"menu_order":0,"comment_status":"closed","ping_status":"closed","template":"elementor_header_footer","meta":{"footnotes":""},"class_list":["post-51","page","type-page","status-publish","hentry"],"_links":{"self":[{"href":"https:\/\/motellibidus.com.br\/joinvillesul\/wp-json\/wp\/v2\/pages\/51"}],"collection":[{"href":"https:\/\/motellibidus.com.br\/joinvillesul\/wp-json\/wp\/v2\/pages"}],"about":[{"href":"https:\/\/motellibidus.com.br\/joinvillesul\/wp-json\/wp\/v2\/types\/page"}],"author":[{"embeddable":true,"href":"https:\/\/motellibidus.com.br\/joinvillesul\/wp-json\/wp\/v2\/users\/1"}],"replies":[{"embeddable":true,"href":"https:\/\/motellibidus.com.br\/joinvillesul\/wp-json\/wp\/v2\/comments?post=51"}],"version-history":[{"count":385,"href":"https:\/\/motellibidus.com.br\/joinvillesul\/wp-json\/wp\/v2\/pages\/51\/revisions"}],"predecessor-version":[{"id":8326,"href":"https:\/\/motellibidus.com.br\/joinvillesul\/wp-json\/wp\/v2\/pages\/51\/revisions\/8326"}],"wp:attachment":[{"href":"https:\/\/motellibidus.com.br\/joinvillesul\/wp-json\/wp\/v2\/media?parent=51"}],"curies":[{"name":"wp","href":"https:\/\/api.w.org\/{rel}","templated":true}]}}