{"id":7619,"date":"2023-05-02T20:03:13","date_gmt":"2023-05-02T20:03:13","guid":{"rendered":"https:\/\/motellibidus.com.br\/joinvillesul\/?post_type=product&#038;p=7619"},"modified":"2023-06-15T15:12:14","modified_gmt":"2023-06-15T15:12:14","slug":"triplex","status":"publish","type":"product","link":"https:\/\/motellibidus.com.br\/joinvillesul\/product\/triplex\/","title":{"rendered":"Desejo"},"content":{"rendered":"\t\t<div data-elementor-type=\"wp-post\" data-elementor-id=\"7619\" class=\"elementor elementor-7619\" data-elementor-post-type=\"product\">\n\t\t\t\t\t\t<section class=\"elementor-section elementor-top-section elementor-element elementor-element-4dbfd80b elementor-section-boxed elementor-section-height-default elementor-section-height-default\" data-id=\"4dbfd80b\" data-element_type=\"section\">\n\t\t\t\t\t\t<div class=\"elementor-container elementor-column-gap-default\">\n\t\t\t\t\t<div class=\"elementor-column elementor-col-100 elementor-top-column elementor-element elementor-element-17228de4\" data-id=\"17228de4\" data-element_type=\"column\">\n\t\t\t<div class=\"elementor-widget-wrap elementor-element-populated\">\n\t\t\t\t\t\t<div class=\"elementor-element elementor-element-7cb7b86f elementor-widget elementor-widget-text-editor\" data-id=\"7cb7b86f\" data-element_type=\"widget\" data-widget_type=\"text-editor.default\">\n\t\t\t\t<div class=\"elementor-widget-container\">\n\t\t\t\t\t\t\t<p><strong>A Su\u00edte Desejo \u00e9 composta por:<\/strong><\/p><ul><li>Cama quadrada ou redonda<\/li><li>Bar<\/li><li>Som + Tv LCD 42 c\/ canais porn\u00f4<\/li><li>Hidromassagem\u00a0<\/li><li>Ar Condicionado<\/li><li>Secador de Cabelo<\/li><li>Ducha quente\/fria<\/li><li>Poltrona er\u00f3tica<\/li><li>Frigobar<\/li><li>Garagem privativa com port\u00e3o eletr\u00f4nico.<\/li><\/ul><p>\u00a0<\/p><hr \/><p><strong><br \/>R$209,00 <\/strong>(Per\u00edodo 02 horas)<br \/><strong>R$319,00\u00a0<\/strong>(Pernoite de at\u00e9 12 horas, incluso caf\u00e9 da manh\u00e3 para 02 pessoas).<strong><br \/><\/strong>Hora adicional:<strong>\u00a0R$40,00<br \/><\/strong><\/p><hr \/><p><strong><br \/>VALORES POR CASAL<\/strong><\/p><p>O MOTEL LIBIDU\u2019S oferece cortesias especiais para seus h\u00f3spedes. Na PERNOITE, o caf\u00e9 da manh\u00e3 \u00e9 servido sem custo e complet\u00edssimo, acompanha: caf\u00e9, leite, misto-quente, frutas da esta\u00e7\u00e3o, torradas, biscoitos, sucos, ch\u00e1s, geleia.<\/p><ul><li>Consultar sobre reservas e decora\u00e7\u00e3o para o Dia dos Namorados.<\/li><li>Consultar sobre reservas e decora\u00e7\u00f5es Sexta-feira e S\u00e1bado.<\/li><\/ul>\t\t\t\t\t\t<\/div>\n\t\t\t\t<\/div>\n\t\t\t\t\t<\/div>\n\t\t<\/div>\n\t\t\t\t\t<\/div>\n\t\t<\/section>\n\t\t\t\t<\/div>\n\t\t","protected":false},"excerpt":{"rendered":"<p>Su\u00edte Desejo conta com bar, poltrona er\u00f3tica, hidromassagem e muito mais&#8230;<\/p>\n","protected":false},"featured_media":8152,"comment_status":"closed","ping_status":"closed","template":"","meta":[],"product_cat":[40],"product_tag":[],"class_list":{"0":"post-7619","1":"product","2":"type-product","3":"status-publish","4":"has-post-thumbnail","6":"product_cat-luxury-room","8":"first","9":"instock","10":"shipping-taxable","11":"product-type-ovacrs_car_rental"},"_links":{"self":[{"href":"https:\/\/motellibidus.com.br\/joinvillesul\/wp-json\/wp\/v2\/product\/7619"}],"collection":[{"href":"https:\/\/motellibidus.com.br\/joinvillesul\/wp-json\/wp\/v2\/product"}],"about":[{"href":"https:\/\/motellibidus.com.br\/joinvillesul\/wp-json\/wp\/v2\/types\/product"}],"replies":[{"embeddable":true,"href":"https:\/\/motellibidus.com.br\/joinvillesul\/wp-json\/wp\/v2\/comments?post=7619"}],"version-history":[{"count":24,"href":"https:\/\/motellibidus.com.br\/joinvillesul\/wp-json\/wp\/v2\/product\/7619\/revisions"}],"predecessor-version":[{"id":8278,"href":"https:\/\/motellibidus.com.br\/joinvillesul\/wp-json\/wp\/v2\/product\/7619\/revisions\/8278"}],"wp:featuredmedia":[{"embeddable":true,"href":"https:\/\/motellibidus.com.br\/joinvillesul\/wp-json\/wp\/v2\/media\/8152"}],"wp:attachment":[{"href":"https:\/\/motellibidus.com.br\/joinvillesul\/wp-json\/wp\/v2\/media?parent=7619"}],"wp:term":[{"taxonomy":"product_cat","embeddable":true,"href":"https:\/\/motellibidus.com.br\/joinvillesul\/wp-json\/wp\/v2\/product_cat?post=7619"},{"taxonomy":"product_tag","embeddable":true,"href":"https:\/\/motellibidus.com.br\/joinvillesul\/wp-json\/wp\/v2\/product_tag?post=7619"}],"curies":[{"name":"wp","href":"https:\/\/api.w.org\/{rel}","templated":true}]}}