{"id":7654,"date":"2023-05-02T23:12:32","date_gmt":"2023-05-02T23:12:32","guid":{"rendered":"https:\/\/motellibidus.com.br\/joinvillesul\/?post_type=product&#038;p=7654"},"modified":"2023-06-15T15:07:46","modified_gmt":"2023-06-15T15:07:46","slug":"suite-super-luxo","status":"publish","type":"product","link":"https:\/\/motellibidus.com.br\/joinvillesul\/product\/suite-super-luxo\/","title":{"rendered":"Su\u00edte Luxo"},"content":{"rendered":"\t\t<div data-elementor-type=\"wp-post\" data-elementor-id=\"7654\" class=\"elementor elementor-7654\" data-elementor-post-type=\"product\">\n\t\t\t\t\t\t<section class=\"elementor-section elementor-top-section elementor-element elementor-element-4dbfd80b elementor-section-boxed elementor-section-height-default elementor-section-height-default\" data-id=\"4dbfd80b\" data-element_type=\"section\">\n\t\t\t\t\t\t<div class=\"elementor-container elementor-column-gap-default\">\n\t\t\t\t\t<div class=\"elementor-column elementor-col-100 elementor-top-column elementor-element elementor-element-17228de4\" data-id=\"17228de4\" data-element_type=\"column\">\n\t\t\t<div class=\"elementor-widget-wrap elementor-element-populated\">\n\t\t\t\t\t\t<div class=\"elementor-element elementor-element-7cb7b86f elementor-widget elementor-widget-text-editor\" data-id=\"7cb7b86f\" data-element_type=\"widget\" data-widget_type=\"text-editor.default\">\n\t\t\t\t<div class=\"elementor-widget-container\">\n\t\t\t\t\t\t\t<p><strong>A Su\u00edte Luxo \u00e9 composta por:<\/strong><\/p><ul><li>Cama quadrada\u00a0<\/li><li>Tv LCD 42 c\/ canais de som e porn\u00f4<\/li><li>Ar Condicionado<\/li><li>Secador de Cabelo<\/li><li>Ducha quente\/fria<\/li><li>Poltrona er\u00f3tica<\/li><li>Garagem privativa com port\u00e3o eletr\u00f4nico.<\/li><\/ul><p>\u00a0<\/p><hr \/><p><strong><br \/>R$109,99\u00a0<\/strong>(Per\u00edodo 02 horas)<strong><br \/>R$199,00\u00a0<\/strong>(Pernoite de at\u00e9 12 horas, incluso caf\u00e9 da manh\u00e3 para 02 pessoas).<strong><br \/><\/strong>Hora adicional:<strong>\u00a0R$30,00<br \/><\/strong><\/p><hr \/><p><span style=\"color: #ff0000;\"><br \/><strong><span style=\"color: #800000;\">CONSULTAR VALORES POR CASAL<\/span><\/strong><\/span><\/p><p>O MOTEL LIBIDU&#8217;S oferece cortesias especiais para seus h\u00f3spedes. Na PERNOITE, o caf\u00e9 da manh\u00e3 \u00e9 servido sem custo e complet\u00edssimo, acompanha: caf\u00e9, leite, misto-quente, frutas da esta\u00e7\u00e3o, torradas, biscoitos, sucos, ch\u00e1s, geleia.<\/p><ul><li>Consultar sobre reservas e decora\u00e7\u00e3o para o Dia dos Namorados.<\/li><li>Consultar sobre reservas e decora\u00e7\u00f5es Sexta-feira e S\u00e1bado.<\/li><\/ul>\t\t\t\t\t\t<\/div>\n\t\t\t\t<\/div>\n\t\t\t\t<div class=\"elementor-element elementor-element-f9b3a34 elementor-widget elementor-widget-spacer\" data-id=\"f9b3a34\" data-element_type=\"widget\" data-widget_type=\"spacer.default\">\n\t\t\t\t<div class=\"elementor-widget-container\">\n\t\t\t\t\t<div class=\"elementor-spacer\">\n\t\t\t<div class=\"elementor-spacer-inner\"><\/div>\n\t\t<\/div>\n\t\t\t\t<\/div>\n\t\t\t\t<\/div>\n\t\t\t\t\t<\/div>\n\t\t<\/div>\n\t\t\t\t\t<\/div>\n\t\t<\/section>\n\t\t\t\t<\/div>\n\t\t","protected":false},"excerpt":{"rendered":"<p>Su\u00edte Luxo conta com cama, poltrona er\u00f3tica e muito mais&#8230;<\/p>\n<div><\/div>\n","protected":false},"featured_media":8128,"comment_status":"closed","ping_status":"closed","template":"","meta":[],"product_cat":[40],"product_tag":[],"class_list":{"0":"post-7654","1":"product","2":"type-product","3":"status-publish","4":"has-post-thumbnail","6":"product_cat-luxury-room","8":"first","9":"instock","10":"shipping-taxable","11":"product-type-ovacrs_car_rental"},"_links":{"self":[{"href":"https:\/\/motellibidus.com.br\/joinvillesul\/wp-json\/wp\/v2\/product\/7654"}],"collection":[{"href":"https:\/\/motellibidus.com.br\/joinvillesul\/wp-json\/wp\/v2\/product"}],"about":[{"href":"https:\/\/motellibidus.com.br\/joinvillesul\/wp-json\/wp\/v2\/types\/product"}],"replies":[{"embeddable":true,"href":"https:\/\/motellibidus.com.br\/joinvillesul\/wp-json\/wp\/v2\/comments?post=7654"}],"version-history":[{"count":41,"href":"https:\/\/motellibidus.com.br\/joinvillesul\/wp-json\/wp\/v2\/product\/7654\/revisions"}],"predecessor-version":[{"id":8274,"href":"https:\/\/motellibidus.com.br\/joinvillesul\/wp-json\/wp\/v2\/product\/7654\/revisions\/8274"}],"wp:featuredmedia":[{"embeddable":true,"href":"https:\/\/motellibidus.com.br\/joinvillesul\/wp-json\/wp\/v2\/media\/8128"}],"wp:attachment":[{"href":"https:\/\/motellibidus.com.br\/joinvillesul\/wp-json\/wp\/v2\/media?parent=7654"}],"wp:term":[{"taxonomy":"product_cat","embeddable":true,"href":"https:\/\/motellibidus.com.br\/joinvillesul\/wp-json\/wp\/v2\/product_cat?post=7654"},{"taxonomy":"product_tag","embeddable":true,"href":"https:\/\/motellibidus.com.br\/joinvillesul\/wp-json\/wp\/v2\/product_tag?post=7654"}],"curies":[{"name":"wp","href":"https:\/\/api.w.org\/{rel}","templated":true}]}}